{"id":1232,"date":"2018-04-09T11:16:16","date_gmt":"2018-04-09T08:16:16","guid":{"rendered":"http:\/\/www.onensogutma.com\/?page_id=1232"},"modified":"2018-04-10T15:34:45","modified_gmt":"2018-04-10T12:34:45","slug":"yedek-parca-satis","status":"publish","type":"page","link":"http:\/\/www.onensogutma.com\/en\/yedek-parca-satis\/","title":{"rendered":"(Turkish) Yedek Par\u00e7a Sat\u0131\u015f"},"content":{"rendered":"<p class=\"qtranxs-available-languages-message qtranxs-available-languages-message-en\">Sorry, this entry is only available in <a href=\"http:\/\/www.onensogutma.com\/tr\/wp-json\/wp\/v2\/pages\/1232\" class=\"qtranxs-available-language-link qtranxs-available-language-link-tr\" title=\"Turkish\">Turkish<\/a>.<\/p>","protected":false},"excerpt":{"rendered":"","protected":false},"author":2,"featured_media":0,"parent":0,"menu_order":0,"comment_status":"closed","ping_status":"closed","template":"","meta":{"_exactmetrics_skip_tracking":false,"_exactmetrics_sitenote_active":false,"_exactmetrics_sitenote_note":"","_exactmetrics_sitenote_category":0,"footnotes":""},"aioseo_notices":[],"_links":{"self":[{"href":"http:\/\/www.onensogutma.com\/en\/wp-json\/wp\/v2\/pages\/1232"}],"collection":[{"href":"http:\/\/www.onensogutma.com\/en\/wp-json\/wp\/v2\/pages"}],"about":[{"href":"http:\/\/www.onensogutma.com\/en\/wp-json\/wp\/v2\/types\/page"}],"author":[{"embeddable":true,"href":"http:\/\/www.onensogutma.com\/en\/wp-json\/wp\/v2\/users\/2"}],"replies":[{"embeddable":true,"href":"http:\/\/www.onensogutma.com\/en\/wp-json\/wp\/v2\/comments?post=1232"}],"version-history":[{"count":35,"href":"http:\/\/www.onensogutma.com\/en\/wp-json\/wp\/v2\/pages\/1232\/revisions"}],"predecessor-version":[{"id":1363,"href":"http:\/\/www.onensogutma.com\/en\/wp-json\/wp\/v2\/pages\/1232\/revisions\/1363"}],"wp:attachment":[{"href":"http:\/\/www.onensogutma.com\/en\/wp-json\/wp\/v2\/media?parent=1232"}],"curies":[{"name":"wp","href":"https:\/\/api.w.org\/{rel}","templated":true}]}}