{"id":211,"date":"2017-01-13T12:59:18","date_gmt":"2017-01-13T12:59:18","guid":{"rendered":"http:\/\/wporganic.com\/ac-repair\/demo\/?page_id=211"},"modified":"2018-04-09T10:42:29","modified_gmt":"2018-04-09T07:42:29","slug":"blog","status":"publish","type":"page","link":"http:\/\/www.onensogutma.com\/en\/blog\/","title":{"rendered":"Blog"},"content":{"rendered":"<p><section class=\"kc-elm kc-css-744495 kc_row\"><div class=\"kc-row-container  kc-container\"><div class=\"kc-wrap-columns\"><div class=\"kc-elm kc-css-658743 kc_col-sm-12 kc_column kc_col-sm-12\"><div class=\"kc-col-container\"><div class=\"row\"><div class=\"col-lg-12 col-md-12 col-sm-12 col-xs-12 blog-post\"> <div id=\"post-209\" class=\"blog-post mb30 post-block post-209 post type-post status-publish format-image has-post-thumbnail hentry category-iklimlendirme tag-basinc-manifoldlari tag-endustriyel-sogutma tag-hastane-havalandirma tag-hava-hizi-olcum tag-iklimlendirme tag-iklimlendirme-nedir tag-iklimlendirme-ve-sogutma-sistemleri tag-iklimlendirme-ve-sogutma-teknikeri tag-isitma tag-kondenser tag-onen-sogutma tag-sogutma tag-sogutma-sistemleri tag-termostat post_format-post-format-image\">\n <div class=\"blog-img mb30 post-img\"><a href=\"http:\/\/www.onensogutma.com\/en\/iklimlendirme-ve-sogutma-sistemleri-nedir\/\"><img decoding=\"async\" alt=\"Repair or Replace Air Conditioning Services\" title=\"Repair or Replace Air Conditioning Services\" class=\"img-responsive\" src=\"http:\/\/www.onensogutma.com\/wp-content\/uploads\/2017\/01\/dixon-heat-cool-8-1.jpg\"\/><\/a><div class=\"meta meta-bg\"><div class=\"meta-date\"><div class=\"date\">13<\/div>January<\/div><div class=\"meta-comment\"><a href=\"http:\/\/www.onensogutma.com\/en\/iklimlendirme-ve-sogutma-sistemleri-nedir\/#respond\">0<br><i class=\"fa  fa-comments\"><\/i><\/a><\/div><\/div><\/div><h1><a href=\"http:\/\/www.onensogutma.com\/en\/iklimlendirme-ve-sogutma-sistemleri-nedir\/\" class=\"heading-title\" rel=\"bookmark\">Repair or Replace Air Conditioning Services<\/a><\/h1><p class=\"meta\"><span class=\"meta-author\">By <a href=\"http:\/\/www.onensogutma.com\/en\/author\/nusret\/\">\u00d6nen So\u011futma<\/a>  \/ <\/span>in <a href=\"http:\/\/www.onensogutma.com\/en\/tag\/basinc-manifoldlari\/\" rel=\"tag\">bas\u0131n\u00e7 manifoldlar\u0131<\/a>, <a href=\"http:\/\/www.onensogutma.com\/en\/tag\/endustriyel-sogutma\/\" rel=\"tag\">end\u00fcstriyel so\u011futma<\/a>, <a href=\"http:\/\/www.onensogutma.com\/en\/tag\/hastane-havalandirma\/\" rel=\"tag\">Hastane havaland\u0131rma<\/a>, <a href=\"http:\/\/www.onensogutma.com\/en\/tag\/hava-hizi-olcum\/\" rel=\"tag\">hava h\u0131z\u0131 \u00f6l\u00e7\u00fcm<\/a>, <a href=\"http:\/\/www.onensogutma.com\/en\/tag\/iklimlendirme\/\" rel=\"tag\">\u0130klimlendirme<\/a>, <a href=\"http:\/\/www.onensogutma.com\/en\/tag\/iklimlendirme-nedir\/\" rel=\"tag\">iklimlendirme nedir<\/a>, <a href=\"http:\/\/www.onensogutma.com\/en\/tag\/iklimlendirme-ve-sogutma-sistemleri\/\" rel=\"tag\">\u0130klimlendirme ve so\u011futma sistemleri<\/a>, <a href=\"http:\/\/www.onensogutma.com\/en\/tag\/iklimlendirme-ve-sogutma-teknikeri\/\" rel=\"tag\">iklimlendirme ve so\u011futma teknikeri<\/a>, <a href=\"http:\/\/www.onensogutma.com\/en\/tag\/isitma\/\" rel=\"tag\">\u0131s\u0131tma<\/a>, <a href=\"http:\/\/www.onensogutma.com\/en\/tag\/kondenser\/\" rel=\"tag\">kondenser<\/a>, <a href=\"http:\/\/www.onensogutma.com\/en\/tag\/onen-sogutma\/\" rel=\"tag\">\u00f6nen so\u011futma<\/a>, <a href=\"http:\/\/www.onensogutma.com\/en\/tag\/sogutma\/\" rel=\"tag\">so\u011futma<\/a>, <a href=\"http:\/\/www.onensogutma.com\/en\/tag\/sogutma-sistemleri\/\" rel=\"tag\">so\u011futma sistemleri<\/a>, <a href=\"http:\/\/www.onensogutma.com\/en\/tag\/termostat\/\" rel=\"tag\">termostat<\/a> \/ <\/p><p>iklimlendirme ve so\u011futma, bir mekan\u0131n s\u0131cakl\u0131\u011f\u0131, nemi, temiz hava hareketleri ve bu mekanlarda insan sa\u011fl\u0131\u011f\u0131n\u0131 korumak i\u00e7in d\u00fczenlenen sistemdir. \u0130klimlendirme ve so\u011futma i\u015fleminin ger\u00e7ekle\u015fmesi i\u00e7in, elekt<\/p><a href=\"http:\/\/www.onensogutma.com\/en\/iklimlendirme-ve-sogutma-sistemleri-nedir\/\" class=\"btn-link\">Read more<\/a><\/div>\n\n<hr\/><\/div><div class=\"col-lg-12 col-md-12 col-sm-12 col-xs-12 blog-post\"> <div id=\"post-207\" class=\"blog-post mb30 post-block post-207 post type-post status-publish format-image has-post-thumbnail hentry category-iklimlendirme tag-altus tag-altus-satis tag-altus-urunleri tag-altus-yetkili-saticisi tag-arcelik tag-arcelik-garantisi tag-beyaz-esya tag-beyaz-esya-ureticisi tag-beyaz-ev-esyalari tag-cok-ekonomik-beyaz-esya tag-dayanikli-tuketim-mallari tag-diyarbakir-altus tag-iklimlendirme tag-kaliteli-urun tag-neden-altus tag-onen-dayanikli-tuketim-mallari tag-onen-sogutma-altus tag-yedek-parca post_format-post-format-image\">\n <div class=\"blog-img mb30 post-img\"><a href=\"http:\/\/www.onensogutma.com\/en\/neden-altus-almaliyim\/\"><img decoding=\"async\" alt=\"Smart Alternative to an Air Conditioner\" title=\"Smart Alternative to an Air Conditioner\" class=\"img-responsive\" src=\"http:\/\/www.onensogutma.com\/wp-content\/uploads\/2018\/04\/altusurunleri.jpg\"\/><\/a><div class=\"meta meta-bg\"><div class=\"meta-date\"><div class=\"date\">13<\/div>January<\/div><div class=\"meta-comment\"><a href=\"http:\/\/www.onensogutma.com\/en\/neden-altus-almaliyim\/#respond\">0<br><i class=\"fa  fa-comments\"><\/i><\/a><\/div><\/div><\/div><h1><a href=\"http:\/\/www.onensogutma.com\/en\/neden-altus-almaliyim\/\" class=\"heading-title\" rel=\"bookmark\">Smart Alternative to an Air Conditioner<\/a><\/h1><p class=\"meta\"><span class=\"meta-author\">By <a href=\"http:\/\/www.onensogutma.com\/en\/author\/nusret\/\">\u00d6nen So\u011futma<\/a>  \/ <\/span>in <a href=\"http:\/\/www.onensogutma.com\/en\/tag\/altus\/\" rel=\"tag\">altus<\/a>, <a href=\"http:\/\/www.onensogutma.com\/en\/tag\/altus-satis\/\" rel=\"tag\">altus sat\u0131\u015f<\/a>, <a href=\"http:\/\/www.onensogutma.com\/en\/tag\/altus-urunleri\/\" rel=\"tag\">altus \u00fcr\u00fcnleri<\/a>, <a href=\"http:\/\/www.onensogutma.com\/en\/tag\/altus-yetkili-saticisi\/\" rel=\"tag\">altus yetkili sat\u0131c\u0131s\u0131<\/a>, <a href=\"http:\/\/www.onensogutma.com\/en\/tag\/arcelik\/\" rel=\"tag\">ar\u00e7elik<\/a>, <a href=\"http:\/\/www.onensogutma.com\/en\/tag\/arcelik-garantisi\/\" rel=\"tag\">ar\u00e7elik garantisi<\/a>, <a href=\"http:\/\/www.onensogutma.com\/en\/tag\/beyaz-esya\/\" rel=\"tag\">beyaz e\u015fya<\/a>, <a href=\"http:\/\/www.onensogutma.com\/en\/tag\/beyaz-esya-ureticisi\/\" rel=\"tag\">beyaz e\u015fya \u00fcreticisi<\/a>, <a href=\"http:\/\/www.onensogutma.com\/en\/tag\/beyaz-ev-esyalari\/\" rel=\"tag\">beyaz ev e\u015fyalar\u0131<\/a>, <a href=\"http:\/\/www.onensogutma.com\/en\/tag\/cok-ekonomik-beyaz-esya\/\" rel=\"tag\">\u00e7ok ekonomik beyaz e\u015fya<\/a>, <a href=\"http:\/\/www.onensogutma.com\/en\/tag\/dayanikli-tuketim-mallari\/\" rel=\"tag\">dayan\u0131kl\u0131 t\u00fcketim mallar\u0131<\/a>, <a href=\"http:\/\/www.onensogutma.com\/en\/tag\/diyarbakir-altus\/\" rel=\"tag\">diyarbak\u0131r altus<\/a>, <a href=\"http:\/\/www.onensogutma.com\/en\/tag\/iklimlendirme\/\" rel=\"tag\">\u0130klimlendirme<\/a>, <a href=\"http:\/\/www.onensogutma.com\/en\/tag\/kaliteli-urun\/\" rel=\"tag\">kaliteli \u00fcr\u00fcn<\/a>, <a href=\"http:\/\/www.onensogutma.com\/en\/tag\/neden-altus\/\" rel=\"tag\">neden altus<\/a>, <a href=\"http:\/\/www.onensogutma.com\/en\/tag\/onen-dayanikli-tuketim-mallari\/\" rel=\"tag\">\u00f6nen dayan\u0131kl\u0131 t\u00fcketim mallar\u0131<\/a>, <a href=\"http:\/\/www.onensogutma.com\/en\/tag\/onen-sogutma-altus\/\" rel=\"tag\">\u00f6nen so\u011futma altus<\/a>, <a href=\"http:\/\/www.onensogutma.com\/en\/tag\/yedek-parca\/\" rel=\"tag\">Commercial<\/a> \/ <\/p><p>\u00d6nen So\u011futma olarak Ar\u00e7elik A.\u015e. garantisi alt\u0131ndaki Altus \u00fcr\u00fcnlerinin tercih edilmesini destekliyoruz. Yayg\u0131n servis a\u011f\u0131, ekonomik fiyat\u0131 ve kaliteli \u00fcr\u00fcnleri tercih etmesi nedeniyle altus \u00fcr\u00fcnlerini tercih ed<\/p><a href=\"http:\/\/www.onensogutma.com\/en\/neden-altus-almaliyim\/\" class=\"btn-link\">Read more<\/a><\/div>\n\n<hr\/><\/div><\/div><div class=\"row\"><\/div><\/div><\/div><\/div><\/div><\/section><\/p>","protected":false},"excerpt":{"rendered":"","protected":false},"author":2,"featured_media":0,"parent":0,"menu_order":0,"comment_status":"closed","ping_status":"closed","template":"","meta":{"_exactmetrics_skip_tracking":false,"_exactmetrics_sitenote_active":false,"_exactmetrics_sitenote_note":"","_exactmetrics_sitenote_category":0,"footnotes":""},"aioseo_notices":[],"_links":{"self":[{"href":"http:\/\/www.onensogutma.com\/en\/wp-json\/wp\/v2\/pages\/211"}],"collection":[{"href":"http:\/\/www.onensogutma.com\/en\/wp-json\/wp\/v2\/pages"}],"about":[{"href":"http:\/\/www.onensogutma.com\/en\/wp-json\/wp\/v2\/types\/page"}],"author":[{"embeddable":true,"href":"http:\/\/www.onensogutma.com\/en\/wp-json\/wp\/v2\/users\/2"}],"replies":[{"embeddable":true,"href":"http:\/\/www.onensogutma.com\/en\/wp-json\/wp\/v2\/comments?post=211"}],"version-history":[{"count":3,"href":"http:\/\/www.onensogutma.com\/en\/wp-json\/wp\/v2\/pages\/211\/revisions"}],"predecessor-version":[{"id":1216,"href":"http:\/\/www.onensogutma.com\/en\/wp-json\/wp\/v2\/pages\/211\/revisions\/1216"}],"wp:attachment":[{"href":"http:\/\/www.onensogutma.com\/en\/wp-json\/wp\/v2\/media?parent=211"}],"curies":[{"name":"wp","href":"https:\/\/api.w.org\/{rel}","templated":true}]}}