{"id":385,"date":"2017-01-13T18:43:36","date_gmt":"2017-01-13T18:43:36","guid":{"rendered":"http:\/\/wporganic.com\/ac-repair\/demo\/?page_id=385"},"modified":"2018-04-09T11:40:10","modified_gmt":"2018-04-09T08:40:10","slug":"iletisim","status":"publish","type":"page","link":"http:\/\/www.onensogutma.com\/en\/iletisim\/","title":{"rendered":"Contact Us"},"content":{"rendered":"<p><section class=\"kc-elm kc-css-302134 kc_row\"><div class=\"kc-row-container  kc-container\"><div class=\"kc-wrap-columns\"><div class=\"kc-elm kc-css-646071 kc_col-sm-12 kc_column kc_col-sm-12\"><div class=\"kc-col-container\"><div id=\"googleMap_1705197309\" data-icon=\"http:\/\/www.onensogutma.com\/wp-content\/uploads\/2017\/01\/map-pin.png\" data-latitude=\"23.068979\" data-longitude=\" 72.579282\" class=\"fixit_front_google_map\" style=\"height:400px;\"><\/div><\/div><\/div><\/div><\/div><\/section><section class=\"kc-elm kc-css-636102 kc_row\"><div class=\"kc-row-container  kc-container\"><div class=\"kc-wrap-columns\"><div class=\"kc-elm kc-css-680074 kc_col-sm-12 kc_column kc_col-sm-12\"><div class=\"kc-col-container\"><div class=\"kc-elm kc-css-310299 kc_row kc_row_inner\"><div class=\"kc-elm kc-css-276914 kc_col-sm-3 kc_column_inner kc_col-sm-3 col-sm-6\"><div class=\"kc_wrapper kc-col-inner-container\"><div  class=\"feature-block bg-white pinside40 text-center mb20 \" >\n\t\t\t  <div class=\"feature-icon mb20\"> <i class=\"icon-placeholder\" style=\" font-size:40px; color:#125687;\"><\/i><\/div><h4>Fixit address<\/h4><p>4374 Twin House Lane Springfield, MO 65804<\/p>\n\t\t\t<\/div><\/div><\/div><div class=\"kc-elm kc-css-463056 kc_col-sm-3 kc_column_inner kc_col-sm-3 col-sm-6\"><div class=\"kc_wrapper kc-col-inner-container\"><div  class=\"feature-block bg-white pinside40 text-center mb20 \" >\n\t\t\t  <div class=\"feature-icon mb20\"> <i class=\"icon-telephone-8\" style=\" font-size:40px; color:#125687;\"><\/i><\/div><h4>Phone numbers<\/h4><p>+ 1 800 -123-4567 <br \/>+ 1 800 -123-4567<\/p>\n\t\t\t<\/div><\/div><\/div><div class=\"kc-elm kc-css-674523 kc_col-sm-3 kc_column_inner kc_col-sm-3 col-sm-6\"><div class=\"kc_wrapper kc-col-inner-container\"><div  class=\"feature-block bg-white pinside40 text-center mb20 \" >\n\t\t\t  <div class=\"feature-icon mb20\"> <i class=\"fa-envelope-o\" style=\" font-size:40px; color:#125687;\"><\/i><\/div><h4>Email address<\/h4><p>info@fixitrepairahed.com <br \/>info@fixitrepairahed.com<\/p>\n\t\t\t<\/div><\/div><\/div><div class=\"kc-elm kc-css-991035 kc_col-sm-3 kc_column_inner kc_col-sm-3 col-sm-6\"><div class=\"kc_wrapper kc-col-inner-container\"><div  class=\"feature-block bg-white pinside40 text-center mb20 \" style=\"padding: 28px;\">\n\t\t\t  <div class=\"feature-icon mb20\"> <i class=\"icon-clock\" style=\" font-size:40px; color:#125687;\"><\/i><\/div><h4>Hours of operation:<\/h4><p><strong>Mon - Fri:<\/strong> 9:00am - 8:00pm <br \/><strong>Saturday: <\/strong>10:00am - 5:00pm <br \/><strong>Sunday:<\/strong> 10:00am - 2:00pm<\/p>\n\t\t\t<\/div><\/div><\/div><\/div><\/div><\/div><\/div><\/div><\/section><section class=\"kc-elm kc-css-47189 kc_row\"><div class=\"kc-row-container  kc-container\"><div class=\"kc-wrap-columns\"><div class=\"kc-elm kc-css-677688 kc_col-sm-12 kc_column kc_col-sm-12\"><div class=\"kc-col-container\"><div class=\"kc-elm kc-css-265930 kc_row kc_row_inner\"><div class=\"kc-elm kc-css-31551 kc_col-sm-12 kc_column_inner kc_col-sm-12\"><div class=\"kc_wrapper kc-col-inner-container\"><div class=\"kc-elm kc-css-976977 kc_text_block\"><\/p>\n<h2>Ask questions or request services<\/h2>\n<p>\n<\/div><div class=\"kc-elm kc-css-865373 kc_text_block\"><\/p>\n<div class=\"wpcf7 no-js\" id=\"wpcf7-f27-o2\" lang=\"en-US\" dir=\"ltr\">\n<div class=\"screen-reader-response\">\n<p role=\"status\" aria-live=\"polite\" aria-atomic=\"true\">\n<ul><\/ul>\n<\/div>\n<form action=\"\/en\/wp-json\/wp\/v2\/pages\/385#wpcf7-f27-o2\" method=\"post\" class=\"wpcf7-form init\" aria-label=\"Contact form\" novalidate=\"novalidate\" data-status=\"init\">\n<div style=\"display: none;\">\n<input type=\"hidden\" name=\"_wpcf7\" value=\"27\" \/><br \/>\n<input type=\"hidden\" name=\"_wpcf7_version\" value=\"5.8.5\" \/><br \/>\n<input type=\"hidden\" name=\"_wpcf7_locale\" value=\"en_US\" \/><br \/>\n<input type=\"hidden\" name=\"_wpcf7_unit_tag\" value=\"wpcf7-f27-o2\" \/><br \/>\n<input type=\"hidden\" name=\"_wpcf7_container_post\" value=\"0\" \/><br \/>\n<input type=\"hidden\" name=\"_wpcf7_posted_data_hash\" value=\"\" \/>\n<\/div>\n<div class=\"row\">\n <!-- Text input--><\/p>\n<div class=\"col-md-6\">\n<div class=\"form-group\">\n<p><label class=\"control-label\" for=\"name\">Ad\u0131n\u0131z<span class=\"required\">*<\/span><\/label><br \/>\n<span class=\"wpcf7-form-control-wrap\" data-name=\"Name\"><input size=\"40\" class=\"wpcf7-form-control wpcf7-text wpcf7-validates-as-required form-control input-md\" aria-required=\"true\" aria-invalid=\"false\" value=\"\" type=\"text\" name=\"Name\" \/><\/span>\n\t\t\t<\/p>\n<\/p><\/div>\n<\/p><\/div>\n<p> <!-- Text input--><\/p>\n<div class=\"col-md-6\">\n<div class=\"form-group\">\n<p><label class=\"control-label\" for=\"email\">E-posta Adresiniz<span class=\"required\">*<\/span><\/label><br \/>\n<span class=\"wpcf7-form-control-wrap\" data-name=\"email\"><input size=\"40\" class=\"wpcf7-form-control wpcf7-email wpcf7-validates-as-required wpcf7-text wpcf7-validates-as-email form-control input-md\" aria-required=\"true\" aria-invalid=\"false\" value=\"\" type=\"email\" name=\"email\" \/><\/span>\n\t\t\t<\/p>\n<\/p><\/div>\n<\/p><\/div>\n<p> <!-- Text input--><\/p>\n<div class=\"col-md-6\">\n<div class=\"form-group\">\n<p><label class=\"control-label\" for=\"phone\">Telefon Numaran\u0131z<span class=\"required\">*<\/span><\/label><br \/>\n<span class=\"wpcf7-form-control-wrap\" data-name=\"phone\"><input size=\"40\" class=\"wpcf7-form-control wpcf7-text wpcf7-validates-as-required form-control input-md\" aria-required=\"true\" aria-invalid=\"false\" value=\"\" type=\"text\" name=\"phone\" \/><\/span>\n\t\t\t<\/p>\n<\/p><\/div>\n<\/p><\/div>\n<p> <!-- Select Basic --><\/p>\n<div class=\"col-md-6\">\n<div class=\"form-group\">\n<p><label class=\"control-label\" for=\"service\">Size nas\u0131l yard\u0131mc\u0131 olabiliriz?<\/label><br \/>\n<span class=\"wpcf7-form-control-wrap\" data-name=\"services\"><select class=\"wpcf7-form-control wpcf7-select wpcf7-validates-as-required form-control\" aria-required=\"true\" aria-invalid=\"false\" name=\"services\"><option value=\"Yedek Par\u00e7a Sat\u0131\u015f\">Yedek Par\u00e7a Sat\u0131\u015f<\/option><option value=\"Bak\u0131m &amp; Onar\u0131m Hizmetleri\">Bak\u0131m &amp; Onar\u0131m Hizmetleri<\/option><option value=\"Dan\u0131\u015fmanl\u0131k Hizmetleri\">Dan\u0131\u015fmanl\u0131k Hizmetleri<\/option><option value=\"\u00d6neri, \u015eikayet ve \u0130stek\">\u00d6neri, \u015eikayet ve \u0130stek<\/option><option value=\"Di\u011fer\">Di\u011fer<\/option><\/select><\/span>\n\t\t\t<\/p>\n<\/p><\/div>\n<\/p><\/div>\n<p> <!-- Select Basic --><\/p>\n<div class=\"col-md-12\">\n<div class=\"form-group\">\n<p><label class=\"control-label\" for=\"comments\">Mesaj\u0131n\u0131z\u0131 detayl\u0131 bir \u015fekilde ifade ediniz.<\/label><br \/>\n<span class=\"wpcf7-form-control-wrap\" data-name=\"Comments\"><textarea cols=\"40\" rows=\"10\" class=\"wpcf7-form-control wpcf7-textarea wpcf7-validates-as-required form-control\" aria-required=\"true\" aria-invalid=\"false\" name=\"Comments\"><\/textarea><\/span>\n\t\t\t<\/p>\n<\/p><\/div>\n<\/p><\/div>\n<p> <!-- Button --><\/p>\n<div class=\"col-md-12\">\n<p><input class=\"wpcf7-form-control wpcf7-submit has-spinner btn btn-default\" type=\"submit\" value=\"G\u00f6nder\" \/>\n\t\t<\/p>\n<\/p><\/div>\n<\/div>\n<div class=\"wpcf7-response-output\" aria-hidden=\"true\"><\/div>\n<\/form>\n<\/div>\n<p>\n<\/div><\/div><\/div><\/div><\/div><\/div><\/div><\/div><\/section><section class=\"kc-elm kc-css-241086 kc_row\"><div class=\"kc-row-container  kc-container\"><div class=\"kc-wrap-columns\"><div class=\"kc-elm kc-css-522401 kc_col-sm-12 kc_column kc_col-sm-12\"><div class=\"kc-col-container\"><div class=\"kc-elm kc-css-23376 kc_row kc_row_inner\"><div class=\"kc-elm kc-css-370416 kc_col-sm-12 kc_column_inner kc_col-sm-12\"><div class=\"kc_wrapper kc-col-inner-container\"><div class=\"kc-elm kc-css-111033 kc_text_block\"><\/p>\n<h1 style=\"text-align: center;\">We service, repair &#038; install all brands<\/h1>\n<p style=\"text-align: center;\">We offer repair, maintenance and installation of the all major brands of ac, HVAC equipment.<\/p>\n<p>\n<\/div><\/div><\/div><\/div><div class=\"kc-elm kc-css-101264 kc_row kc_row_inner\"><div class=\"kc-elm kc-css-923691 kc_col-sm-2 kc_column_inner kc_col-sm-2\"><div class=\"kc_wrapper kc-col-inner-container\"><div class=\"kc-elm kc-css-647518 kc_shortcode kc_single_image\">\n\n        <img decoding=\"async\" src=\"http:\/\/www.onensogutma.com\/wp-content\/uploads\/2017\/01\/brand-logo.png\" class=\"\" alt=\"\" \/>    <\/div>\n<\/div><\/div><div class=\"kc-elm kc-css-44897 kc_col-sm-2 kc_column_inner kc_col-sm-2\"><div class=\"kc_wrapper kc-col-inner-container\"><div class=\"kc-elm kc-css-36631 kc_shortcode kc_single_image\">\n\n        <img decoding=\"async\" src=\"http:\/\/www.onensogutma.com\/wp-content\/uploads\/2017\/01\/brand-logo2.png\" class=\"\" alt=\"\" \/>    <\/div>\n<\/div><\/div><div class=\"kc-elm kc-css-746098 kc_col-sm-2 kc_column_inner kc_col-sm-2\"><div class=\"kc_wrapper kc-col-inner-container\"><div class=\"kc-elm kc-css-926763 kc_shortcode kc_single_image\">\n\n        <img decoding=\"async\" src=\"http:\/\/www.onensogutma.com\/wp-content\/uploads\/2017\/01\/brand-logo3.png\" class=\"\" alt=\"\" \/>    <\/div>\n<\/div><\/div><div class=\"kc-elm kc-css-822914 kc_col-sm-2 kc_column_inner kc_col-sm-2\"><div class=\"kc_wrapper kc-col-inner-container\"><div class=\"kc-elm kc-css-426659 kc_shortcode kc_single_image\">\n\n        <img decoding=\"async\" src=\"http:\/\/www.onensogutma.com\/wp-content\/uploads\/2017\/01\/brand-logo4.png\" class=\"\" alt=\"\" \/>    <\/div>\n<\/div><\/div><div class=\"kc-elm kc-css-907661 kc_col-sm-2 kc_column_inner kc_col-sm-2\"><div class=\"kc_wrapper kc-col-inner-container\"><div class=\"kc-elm kc-css-189442 kc_shortcode kc_single_image\">\n\n        <img decoding=\"async\" src=\"http:\/\/www.onensogutma.com\/wp-content\/uploads\/2017\/01\/brand-logo5.png\" class=\"\" alt=\"\" \/>    <\/div>\n<\/div><\/div><div class=\"kc-elm kc-css-784617 kc_col-sm-2 kc_column_inner kc_col-sm-2\"><div class=\"kc_wrapper kc-col-inner-container\"><div class=\"kc-elm kc-css-649708 kc_shortcode kc_single_image\">\n\n        <img decoding=\"async\" src=\"http:\/\/www.onensogutma.com\/wp-content\/uploads\/2017\/01\/brand-logo6.png\" class=\"\" alt=\"\" \/>    <\/div>\n<\/div><\/div><\/div><\/div><\/div><\/div><\/div><\/section><\/p>","protected":false},"excerpt":{"rendered":"","protected":false},"author":2,"featured_media":0,"parent":0,"menu_order":0,"comment_status":"closed","ping_status":"closed","template":"","meta":{"_exactmetrics_skip_tracking":false,"_exactmetrics_sitenote_active":false,"_exactmetrics_sitenote_note":"","_exactmetrics_sitenote_category":0,"footnotes":""},"aioseo_notices":[],"_links":{"self":[{"href":"http:\/\/www.onensogutma.com\/en\/wp-json\/wp\/v2\/pages\/385"}],"collection":[{"href":"http:\/\/www.onensogutma.com\/en\/wp-json\/wp\/v2\/pages"}],"about":[{"href":"http:\/\/www.onensogutma.com\/en\/wp-json\/wp\/v2\/types\/page"}],"author":[{"embeddable":true,"href":"http:\/\/www.onensogutma.com\/en\/wp-json\/wp\/v2\/users\/2"}],"replies":[{"embeddable":true,"href":"http:\/\/www.onensogutma.com\/en\/wp-json\/wp\/v2\/comments?post=385"}],"version-history":[{"count":36,"href":"http:\/\/www.onensogutma.com\/en\/wp-json\/wp\/v2\/pages\/385\/revisions"}],"predecessor-version":[{"id":1246,"href":"http:\/\/www.onensogutma.com\/en\/wp-json\/wp\/v2\/pages\/385\/revisions\/1246"}],"wp:attachment":[{"href":"http:\/\/www.onensogutma.com\/en\/wp-json\/wp\/v2\/media?parent=385"}],"curies":[{"name":"wp","href":"https:\/\/api.w.org\/{rel}","templated":true}]}}