{"id":110,"date":"2017-01-13T07:50:06","date_gmt":"2017-01-13T07:50:06","guid":{"rendered":"http:\/\/wporganic.com\/ac-repair\/demo\/?page_id=110"},"modified":"2018-04-09T11:37:29","modified_gmt":"2018-04-09T08:37:29","slug":"hizmetlerimiz","status":"publish","type":"page","link":"http:\/\/www.onensogutma.com\/tr\/hizmetlerimiz\/","title":{"rendered":"Hizmetlerimiz"},"content":{"rendered":"<p><section class=\"kc-elm kc-css-592436 kc_row\"><div class=\"kc-row-container  kc-container\"><div class=\"kc-wrap-columns\"><div class=\"kc-elm kc-css-305255 kc_col-sm-12 kc_column kc_col-sm-12\"><div class=\"kc-col-container\"><div class=\"kc-elm kc-css-911090 kc_text_block\"><\/p>\n<h1 style=\"text-align: center;\">Hizmet S\u0131n\u0131flar\u0131m\u0131z &#038; Uzmanl\u0131k Alanlar\u0131m\u0131z<\/h1>\n<p style=\"text-align: center;\">Sekt\u00f6rdeki \u00c7eyrek as\u0131rl\u0131k tecr\u00fcbenin verdi\u011fi uzmanl\u0131k neticesinde hizmet verdi\u011fimiz bran\u015f ve Profesyoneli oldu\u011fumuz alanlar\u00a0<\/p>\n<p style=\"text-align: center;\">\n<p>\n<\/div><\/div><\/div><\/div><\/div><\/section><section class=\"kc-elm kc-css-405381 kc_row\"><div class=\"kc-row-container  kc-container\"><div class=\"kc-wrap-columns\"><div class=\"kc-elm kc-css-10292 kc_col-sm-12 kc_column kc_col-sm-12\"><div class=\"kc-col-container\"><div class=\"row\"><div class=\"col-lg-3 col-md-3 col-sm-6 col-xs-12\"><div class=\"service-block\"><div class=\"service-img mb20\"><a target=\"_self\" href=\"http:\/\/www.onensogutma.com\/yedek-parca-satis\"><img decoding=\"async\" src=\"http:\/\/www.onensogutma.com\/wp-content\/uploads\/2017\/01\/service-1140x800.png\" alt=\"\" class=\"img-responsive\"><\/a><\/div><div class=\"service-desc\"><h3><a target=\"_self\" href=\"http:\/\/www.onensogutma.com\/yedek-parca-satis\" class=\"heading-title\">Yedek Par\u00e7a Sat\u0131\u015f<\/a><\/h3> <p>B\u00f6lgede Beyaz e\u015fya yedek par\u00e7alar\u0131 ile end\u00fcstriyel so\u011futma ekipmanlar\u0131 tedarik\u00e7isi olarak tercih edilen en istikrarl\u0131 firmay\u0131z.<\/p>\r\n <a target=\"_self\" href=\"http:\/\/www.onensogutma.com\/yedek-parca-satis\" title=\"B\u0130LG\u0130 ED\u0130N\u0130N\" class=\"btn btn-primary\">DAHA FAZLA<\/a><\/div><\/div><\/div><div class=\"col-lg-3 col-md-3 col-sm-6 col-xs-12\"><div class=\"service-block\"><div class=\"service-img mb20\"><a target=\"_self\" href=\"http:\/\/www.onensogutma.com\/tr\/hizmetlerimiz\/bakim-onarim\/\"><img decoding=\"async\" src=\"http:\/\/www.onensogutma.com\/wp-content\/uploads\/2017\/01\/service-1140x800.png\" alt=\"\" class=\"img-responsive\"><\/a><\/div><div class=\"service-desc\"><h3><a target=\"_self\" href=\"http:\/\/www.onensogutma.com\/tr\/hizmetlerimiz\/bakim-onarim\/\" class=\"heading-title\">Bak\u0131m Onar\u0131m \u0130\u015fleri<\/a><\/h3> <p>Is\u0131tma ve So\u011futma gruplar\u0131n\u0131n bak\u0131m onar\u0131mlar\u0131, elektrikli ev aletlerinizin bak\u0131m &amp; onar\u0131m ile yenileme i\u015flerini itina ile yap\u0131yoruz.<\/p>\r\n <a target=\"_self\" href=\"http:\/\/www.onensogutma.com\/tr\/hizmetlerimiz\/bakim-onarim\/\" title=\"So\u011futma \u0131s\u0131tma Bak\u0131m Onar\u0131m Hizmetleri\" class=\"btn btn-primary\">DAHA FAZLA<\/a><\/div><\/div><\/div><div class=\"col-lg-3 col-md-3 col-sm-6 col-xs-12\"><div class=\"service-block\"><div class=\"service-img mb20\"><a target=\"_self\" href=\"http:\/\/www.onensogutma.com\/tr\/hizmetlerimiz\/sogutma-sistemleri\/\"><img decoding=\"async\" src=\"http:\/\/www.onensogutma.com\/wp-content\/uploads\/2017\/01\/service-1140x800.png\" alt=\"\" class=\"img-responsive\"><\/a><\/div><div class=\"service-desc\"><h3><a target=\"_self\" href=\"http:\/\/www.onensogutma.com\/tr\/hizmetlerimiz\/sogutma-sistemleri\/\" class=\"heading-title\">Projelendirme <\/a><\/h3> <p>So\u011futma gruplar\u0131n\u0131z, Merkezi havaland\u0131rma sistemleriniz ve iklimlendirme sistemleriniz i\u00e7in projelendirme yap\u0131yoruz.<\/p>\r\n <a target=\"_self\" href=\"http:\/\/www.onensogutma.com\/tr\/hizmetlerimiz\/sogutma-sistemleri\/\" title=\"So\u011futma Sistemleri projelendirme\" class=\"btn btn-primary\">DAHA FAZLA<\/a><\/div><\/div><\/div><div class=\"col-lg-3 col-md-3 col-sm-6 col-xs-12\"><div class=\"service-block\"><div class=\"service-img mb20\"><a target=\"_self\" href=\"http:\/\/www.onensogutma.com\/tr\/hizmetlerimiz\/isitma-sistemleri\/\"><img decoding=\"async\" src=\"http:\/\/www.onensogutma.com\/wp-content\/uploads\/2017\/01\/service-1140x800.png\" alt=\"\" class=\"img-responsive\"><\/a><\/div><div class=\"service-desc\"><h3><a target=\"_self\" href=\"http:\/\/www.onensogutma.com\/tr\/hizmetlerimiz\/isitma-sistemleri\/\" class=\"heading-title\">Dan\u0131\u015fmanl\u0131k<\/a><\/h3> <p>Merkezi \u0131s\u0131tma ve so\u011futma sistemlerinin g\u00fcne\u015f enerjisinden sa\u011flanmas\u0131na y\u00f6nelik projelerinizde dan\u0131\u015fmanl\u0131k yap\u0131yoruz.<\/p>\r\n <a target=\"_self\" href=\"http:\/\/www.onensogutma.com\/tr\/hizmetlerimiz\/isitma-sistemleri\/\" title=\"Is\u0131tma Sistemleri\" class=\"btn btn-primary\">DAHA FAZLA<\/a><\/div><\/div><\/div><\/div><\/div><\/div><\/div><\/div><\/section><\/p>","protected":false},"excerpt":{"rendered":"","protected":false},"author":2,"featured_media":0,"parent":0,"menu_order":0,"comment_status":"closed","ping_status":"closed","template":"","meta":{"_exactmetrics_skip_tracking":false,"_exactmetrics_sitenote_active":false,"_exactmetrics_sitenote_note":"","_exactmetrics_sitenote_category":0,"footnotes":""},"aioseo_notices":[],"_links":{"self":[{"href":"http:\/\/www.onensogutma.com\/tr\/wp-json\/wp\/v2\/pages\/110"}],"collection":[{"href":"http:\/\/www.onensogutma.com\/tr\/wp-json\/wp\/v2\/pages"}],"about":[{"href":"http:\/\/www.onensogutma.com\/tr\/wp-json\/wp\/v2\/types\/page"}],"author":[{"embeddable":true,"href":"http:\/\/www.onensogutma.com\/tr\/wp-json\/wp\/v2\/users\/2"}],"replies":[{"embeddable":true,"href":"http:\/\/www.onensogutma.com\/tr\/wp-json\/wp\/v2\/comments?post=110"}],"version-history":[{"count":9,"href":"http:\/\/www.onensogutma.com\/tr\/wp-json\/wp\/v2\/pages\/110\/revisions"}],"predecessor-version":[{"id":1244,"href":"http:\/\/www.onensogutma.com\/tr\/wp-json\/wp\/v2\/pages\/110\/revisions\/1244"}],"wp:attachment":[{"href":"http:\/\/www.onensogutma.com\/tr\/wp-json\/wp\/v2\/media?parent=110"}],"curies":[{"name":"wp","href":"https:\/\/api.w.org\/{rel}","templated":true}]}}