{"id":113,"date":"2017-01-13T07:59:23","date_gmt":"2017-01-13T07:59:23","guid":{"rendered":"http:\/\/wporganic.com\/ac-repair\/demo\/?page_id=113"},"modified":"2018-04-09T17:49:05","modified_gmt":"2018-04-09T14:49:05","slug":"klima-sistemleri","status":"publish","type":"page","link":"http:\/\/www.onensogutma.com\/tr\/hizmetlerimiz\/klima-sistemleri\/","title":{"rendered":"Klima Sistemleri"},"content":{"rendered":"<p><section class=\"kc-elm kc-css-500263 kc_row\"><div class=\"kc-row-container  kc-container\"><div class=\"kc-wrap-columns\"><div class=\"kc-elm kc-css-219541 kc_col-sm-12 kc_column kc_col-sm-12\"><div class=\"kc-col-container\"><div class=\"kc-elm kc-css-91550 kc_row kc_row_inner\"><div class=\"kc-elm kc-css-613216 kc_col-sm-12 kc_column_inner kc_col-sm-12\"><div class=\"kc_wrapper kc-col-inner-container\"><div class=\"kc-elm kc-css-786651 kc_shortcode kc_single_image\">\n\n        <img decoding=\"async\" src=\"http:\/\/www.onensogutma.com\/wp-content\/uploads\/2018\/04\/kaset_klima.jpg\" class=\"\" alt=\"\" \/>    <\/div>\n<\/div><\/div><\/div><div class=\"kc-elm kc-css-831654 kc_row kc_row_inner\"><div class=\"kc-elm kc-css-957179 kc_col-sm-12 kc_column_inner kc_col-sm-12\"><div class=\"kc_wrapper kc-col-inner-container\"><div class=\"kc-elm kc-css-44319 kc_text_block\"><\/p>\n<p class=\"lead\">\u00dc\u00e7 sat\u0131\u015f noktas\u0131nda sizlere Klima sistemleri ilgili yedek par\u00e7a sat\u0131\u015f\u0131 konusunda hizmet veriyoruz.\u00a0 \u00a0<font color=\"#000000\"><span style=\"background-color: rgb(228, 242, 253);\"><b>Talebinize g\u00f6re malzeme \u00fcretimi yapt\u0131r\u0131yoruz!\u00a0<\/b><\/span><\/font>, \u0130htiya\u00e7 duymu\u015f oldu\u011funuz Klima sistemi ekipmanlar\u0131n\u0131n g\u00f6rsel, tasar\u0131m ve \u00e7izimlerini taraf\u0131m\u0131za iletmeniz durumunda terzi dikim \u00e7al\u0131\u015fma yapt\u0131r\u0131yoruz.<\/p>\n<p>Her marka Klima Sistemlerinin Kompres\u00f6r, Gaz, Fan motoru, Ak\u0131ll\u0131 kartlar\u0131, kondansat\u00f6rleri, Vanalar, sens\u00f6rler, rekor, inyon, temizleme s\u0131v\u0131lar\u0131, kimyasallar ve bilimum malzemeleri stoklar\u0131m\u0131zda bulunduruyoruz ve talep etmeniz durumunda en k\u0131sa s\u00fcrede sizlere ula\u015ft\u0131r\u0131yoruz.<\/p>\n<p>\n<\/div><\/div><\/div><\/div><div class=\"kc-elm kc-css-803336 kc_row kc_row_inner\"><div class=\"kc-elm kc-css-171992 kc_col-sm-5 kc_column_inner kc_col-sm-5\"><div class=\"kc_wrapper kc-col-inner-container\"><div class=\"kc-elm kc-css-202126 kc_text_block mb30\"><\/p>\n<h3>Chiller \u00dcniteleri ve Yedek par\u00e7alar\u0131<\/h3>\n<p><span style=\"color: rgb(102, 102, 102); font-family: \"PT Sans\", sans-serif;\">Yar\u0131 Hermetik, scroll ve vidal\u0131 kompres\u00f6rler,\u00a0<\/span><span style=\"color: rgb(102, 102, 102); font-family: \"PT Sans\", sans-serif; font-style: inherit;\">Hava ve su so\u011futmal\u0131 kondenserler,\u00a0<\/span><span style=\"color: rgb(102, 102, 102); font-family: \"PT Sans\", sans-serif; font-style: inherit;\">Amonyakl\u0131 ve freonlu sistemler, Kovan borulu so\u011futucular, Valfli sistemler, Plaka so\u011futuculu e\u015fanj\u00f6rler, Su depolar\u0131, pompalar, vanalar, vakum motorlar\u0131, izolasyon malzemeleri, i\u00e7 ve d\u0131\u015f \u00fcnite ekipmanlar\u0131 ile elektrik ve otomasyon panolar\u0131na kadar istedi\u011finiz t\u00fcm malzemeleri tedarik ediyoruz.<\/span><\/p>\n<p>\n<\/div><\/div><\/div><div class=\"kc-elm kc-css-957183 kc_col-sm-7 kc_column_inner kc_col-sm-7\"><div class=\"kc_wrapper kc-col-inner-container\"><div class=\"kc-elm kc-css-173062 kc_shortcode kc_single_image\">\n\n        <img decoding=\"async\" src=\"http:\/\/www.onensogutma.com\/wp-content\/uploads\/2018\/04\/chiller.jpg\" class=\"\" alt=\"\" \/>    <\/div>\n<\/div><\/div><\/div><div class=\"kc-elm kc-css-794679 kc_row kc_row_inner\"><div class=\"kc-elm kc-css-504249 kc_col-sm-5 kc_column_inner kc_col-sm-5\"><div class=\"kc_wrapper kc-col-inner-container\"><div class=\"kc-elm kc-css-493628 kc_text_block mb30\"><\/p>\n<h3>Klima Sistemi Yedek Par\u00e7alar\u0131<\/h3>\n<p>Ba\u011f\u0131ml\u0131 ve ba\u011f\u0131ms\u0131z \u00dcnite tipli klima yedek par\u00e7alar\u0131nda g\u00fcvenilir markay\u0131z. HVAC, \u00c7at\u0131 tipi klima, pencere tipi klima, portatif klima, split klima, duvar tipi klima, multi split klimalar, salon tipi klimalar, yer-tavan tipi klimalar, kaset tipi klimalar, gizli klimalar gibi t\u00fcm klima sistemlerinin yedek par\u00e7a sat\u0131\u015flar\u0131 ile bak\u0131m &#8211; onar\u0131m, kurulum hizmetlerini ger\u00e7ekle\u015ftiriyoruz.<\/p>\n<p>\n<\/div><\/div><\/div><div class=\"kc-elm kc-css-521474 kc_col-sm-7 kc_column_inner kc_col-sm-7\"><div class=\"kc_wrapper kc-col-inner-container\"><div class=\"kc-elm kc-css-124236 kc_shortcode kc_single_image\">\n\n        <img decoding=\"async\" src=\"http:\/\/www.onensogutma.com\/wp-content\/uploads\/2017\/01\/hvac.jpg\" class=\"\" alt=\"\" \/>    <\/div>\n<\/div><\/div><\/div><div class=\"kc-elm kc-css-64770 kc_row kc_row_inner\"><div class=\"kc-elm kc-css-701350 kc_col-sm-12 kc_column_inner kc_col-sm-12\"><div class=\"kc_wrapper kc-col-inner-container\"><div class=\"kc-elm kc-css-247988 kc_text_block\"><\/p>\n<hr \/>\n<p>\n<\/div><\/div><\/div><\/div><div class=\"kc-elm kc-css-272401 kc_row kc_row_inner\"><div class=\"kc-elm kc-css-153145 kc_col-sm-12 kc_column_inner kc_col-sm-12\"><div class=\"kc_wrapper kc-col-inner-container\"><div class=\"kc-elm kc-css-779907 kc_text_block mb30\"><\/p>\n<h2>Havaland\u0131rma Sistemleri, \u00d6zel ama\u00e7l\u0131 Klima Sistemleri<\/h2>\n<p>Pozitif &#8211; Negatif Bas\u0131n\u00e7l\u0131 temiz odalar, Merkezi havaland\u0131rma sistemleri, G\u0131da laboratuvar\u0131 Klima sistemleri ve Yo\u011fun bak\u0131m klima sistemleri Kurulum, Yedek par\u00e7a sat\u0131\u015f hizmetleri.<\/p>\n<p>\n<\/div><\/div><\/div><\/div><div class=\"kc-elm kc-css-240930 kc_row kc_row_inner\"><div class=\"kc-elm kc-css-910041 kc_col-sm-6 kc_column_inner kc_col-sm-6\"><div class=\"kc_wrapper kc-col-inner-container\"><div class=\"kc-elm kc-css-227112 kc_text_block mb30\"><\/p>\n<h3>Havaland\u0131rma Sistemleri<\/h3>\n<p>H\u00fccreli aspirat\u00f6rler, sulu ve elektrostatik baca filtreleri, Evoparatif so\u011futma,havaland\u0131rma sistemleri, hava kontrol sistemleri ve hava perdeleri sat\u0131\u015f ve kurulumlar\u0131<\/p>\n<p>\n<\/div><\/div><\/div><div class=\"kc-elm kc-css-725156 kc_col-sm-6 kc_column_inner kc_col-sm-6\"><div class=\"kc_wrapper kc-col-inner-container\"><div class=\"kc-elm kc-css-488152 kc_text_block mb30\"><\/p>\n<h3>Pozitif Negatif Bas\u0131n\u00e7l\u0131 Temiz Odalar<\/h3>\n<p><span style=\"color: rgb(64, 64, 64); font-family: \" open=\"\" sans\",=\"\" sans-serif;=\"\" background-color:=\"\" rgb(245,=\"\" 245,=\"\" 245);\"=\"\">Ulusal ve uluslararas\u0131 mevzuatlara uygun malzemelerden imal edilen, s\u0131zd\u0131rmazl\u0131\u011f\u0131n tam sa\u011fland\u0131\u011f\u0131 pozitif ve negatif bas\u0131n\u00e7l\u0131 temiz oda yedek par\u00e7alar\u0131<\/span><\/p>\n<p>\n<\/div><\/div><\/div><\/div><div class=\"kc-elm kc-css-587867 kc_row kc_row_inner\"><div class=\"kc-elm kc-css-809027 kc_col-sm-6 kc_column_inner kc_col-sm-6\"><div class=\"kc_wrapper kc-col-inner-container\"><div class=\"kc-elm kc-css-21853 kc_text_block mb30\"><\/p>\n<h3>Aseptiz\u00f6r Sistemleri<\/h3>\n<p><span style=\"color: rgb(64, 64, 64); font-family: \"Open Sans\", sans-serif; background-color: rgb(245, 245, 245);\">Hijyenik ve steril ortamlar\u0131n iklimlendirilmesine imkan tan\u0131yan, ortama verdi\u011fi hava miktar\u0131n\u0131 filtrelerden ge\u00e7irip \u00f6l\u00e7en, partik\u00fcllerden ar\u0131nd\u0131ran sistem ekipmanlar\u0131<\/span><\/p>\n<p>\n<\/div><\/div><\/div><div class=\"kc-elm kc-css-69701 kc_col-sm-6 kc_column_inner kc_col-sm-6\"><div class=\"kc_wrapper kc-col-inner-container\"><div class=\"kc-elm kc-css-382563 kc_text_block mb30\"><\/p>\n<h3>Hava Temizleme Mod\u00fclleri<\/h3>\n<p><span style=\"color: rgb(64, 64, 64); font-family: \"Open Sans\", sans-serif; background-color: rgb(245, 245, 245);\">Taze ve kirli havay\u0131, ortama havan\u0131n kalitesini art\u0131rarak istenen miktarda verilmesini sa\u011flayan Hava temizleme ekipmanlar\u0131n\u0131n sat\u0131\u015f\u0131 ve yedek par\u00e7alar\u0131<\/span><\/p>\n<p>\n<\/div><\/div><\/div><\/div><div class=\"kc-elm kc-css-777792 kc_row kc_row_inner\"><div class=\"kc-elm kc-css-219999 kc_col-sm-12 kc_column_inner kc_col-sm-12\"><div class=\"kc_wrapper kc-col-inner-container\"><div class=\"cta-block-light pinside30\" style=\"background:#f1f4f7\">\n\t\t\t  <div class=\"row\">\n\t\t\t    <div class=\"col-lg-3 col-md-3 col-sm-4 col-xs-12 text-center\"><i class=\"icon-telephone-1\" style=\"font-size:82px;color:#125687\"><\/i><\/div>\n\t\t\t    <div class=\"col-lg-9 col-md-9 col-sm-8 col-xs-12 mt30\">\n\t\t\t    \t<h4 class=\"cta-small-title\">Klima Sistemleri ile ilgili her t\u00fcrl\u00fc soru i\u00e7in<\/h4>\r\n<h1 class=\"cta-call-title mb0\">Bize Ula\u015f\u0131n\u0131z 0412 235 6796<\/h1>\r\n\n\t\t\t    <\/div>\n\t\t\t  <\/div>\n\t\t\t<\/div><\/div><\/div><\/div><\/div><\/div><\/div><\/div><\/section><\/p>","protected":false},"excerpt":{"rendered":"","protected":false},"author":2,"featured_media":0,"parent":110,"menu_order":0,"comment_status":"closed","ping_status":"closed","template":"","meta":{"_exactmetrics_skip_tracking":false,"_exactmetrics_sitenote_active":false,"_exactmetrics_sitenote_note":"","_exactmetrics_sitenote_category":0,"footnotes":""},"aioseo_notices":[],"_links":{"self":[{"href":"http:\/\/www.onensogutma.com\/tr\/wp-json\/wp\/v2\/pages\/113"}],"collection":[{"href":"http:\/\/www.onensogutma.com\/tr\/wp-json\/wp\/v2\/pages"}],"about":[{"href":"http:\/\/www.onensogutma.com\/tr\/wp-json\/wp\/v2\/types\/page"}],"author":[{"embeddable":true,"href":"http:\/\/www.onensogutma.com\/tr\/wp-json\/wp\/v2\/users\/2"}],"replies":[{"embeddable":true,"href":"http:\/\/www.onensogutma.com\/tr\/wp-json\/wp\/v2\/comments?post=113"}],"version-history":[{"count":19,"href":"http:\/\/www.onensogutma.com\/tr\/wp-json\/wp\/v2\/pages\/113\/revisions"}],"predecessor-version":[{"id":1285,"href":"http:\/\/www.onensogutma.com\/tr\/wp-json\/wp\/v2\/pages\/113\/revisions\/1285"}],"up":[{"embeddable":true,"href":"http:\/\/www.onensogutma.com\/tr\/wp-json\/wp\/v2\/pages\/110"}],"wp:attachment":[{"href":"http:\/\/www.onensogutma.com\/tr\/wp-json\/wp\/v2\/media?parent=113"}],"curies":[{"name":"wp","href":"https:\/\/api.w.org\/{rel}","templated":true}]}}