{"id":158,"date":"2017-01-13T11:10:32","date_gmt":"2017-01-13T11:10:32","guid":{"rendered":"http:\/\/wporganic.com\/ac-repair\/demo\/?page_id=158"},"modified":"2018-04-10T16:50:25","modified_gmt":"2018-04-10T13:50:25","slug":"endustriyel-sogutma-sistemleri","status":"publish","type":"page","link":"http:\/\/www.onensogutma.com\/tr\/hizmetlerimiz\/endustriyel-sogutma-sistemleri\/","title":{"rendered":"End\u00fcstriyel So\u011futma Sistemleri"},"content":{"rendered":"<p><section class=\"kc-elm kc-css-144669 kc_row\"><div class=\"kc-row-container  kc-container\"><div class=\"kc-wrap-columns\"><div class=\"kc-elm kc-css-81577 kc_col-sm-12 kc_column kc_col-sm-12\"><div class=\"kc-col-container\"><div class=\"kc-elm kc-css-937863 kc_row kc_row_inner\"><div class=\"kc-elm kc-css-409084 kc_col-sm-12 kc_column_inner kc_col-sm-12\"><div class=\"kc_wrapper kc-col-inner-container\"><div class=\"kc-elm kc-css-455533 kc_shortcode kc_single_image\">\n\n        <img decoding=\"async\" src=\"http:\/\/www.onensogutma.com\/wp-content\/uploads\/2018\/04\/sogutma-sistemleri.jpg\" class=\"\" alt=\"\" \/>    <\/div>\n<\/div><\/div><\/div><div class=\"kc-elm kc-css-700441 kc_row kc_row_inner\"><div class=\"kc-elm kc-css-241828 kc_col-sm-12 kc_column_inner kc_col-sm-12\"><div class=\"kc_wrapper kc-col-inner-container\"><div class=\"kc-elm kc-css-63119 kc_text_block\"><\/p>\n<p class=\"lead\">End\u00fcstriyel so\u011futma cihazlar\u0131 +16\u00b0C\/+12\u00b0C, +10\u00b0C\/+5\u00b0C, +5\u00b0C\/-5\u00b0C ve -18\u00b0C\/-25\u00b0C \u00e7al\u0131\u015fma aral\u0131\u011f\u0131na sahiptirler. Yar\u0131-Hermetik kompres\u00f6rl\u00fc olarak \u00fcretilirler. <strong class=\"highlight\">End\u00fcstriyel cihazlar istendi\u011finde uzaktan kumanda ve kontrol sistemi ile \u00fcretilebilir.<\/strong>, \u00d6nen so\u011futma olarak sizlere 9 kw ile 420 kw aras\u0131nda so\u011futma sistemleri tedarik edebiliyoruz.<\/p>\n<p>Elektrik panosu ve di\u011fer elektrik\/elektronik donan\u0131mlar\u0131n\u0131 talebinize uygun \u015fekilde \u00fcreterek teslime diyoruz. So\u011fuk hava depolar\u0131 i\u00e7in geli\u015ftirilen paket tip end\u00fcstriyel so\u011futma cihazlar\u0131n\u0131 da tedarik ediyoruz. Tasar\u0131mlar\u0131m\u0131z performans ve m\u00fckemmeliyet a\u00e7\u0131s\u0131ndan \u00e7e\u015fitli \u00f6d\u00fcllere lay\u0131k g\u00f6r\u00fclm\u00fc\u015ft\u00fcr.<\/p>\n<p>\n<\/div><div class=\"kc-elm kc-css-681638 kc_row kc_row_inner\"><div class=\"kc-elm kc-css-37299 kc_col-sm-12 kc_column_inner kc_col-sm-12\"><div class=\"kc_wrapper kc-col-inner-container\"><div class=\"kc-elm kc-css-366535 kc_text_block\"><\/p>\n<hr \/>\n<p>\n<\/div><\/div><\/div><\/div><\/div><\/div><\/div><div class=\"kc-elm kc-css-544727 kc_row kc_row_inner\"><div class=\"kc-elm kc-css-826070 kc_col-sm-5 kc_column_inner kc_col-sm-5\"><div class=\"kc_wrapper kc-col-inner-container\"><div class=\"kc-elm kc-css-59112 kc_shortcode kc_single_image\">\n\n        <img decoding=\"async\" src=\"http:\/\/www.onensogutma.com\/wp-content\/uploads\/2018\/04\/split.jpg\" class=\"\" alt=\"\" \/>    <\/div>\n<\/div><\/div><div class=\"kc-elm kc-css-545658 kc_col-sm-7 kc_column_inner kc_col-sm-7\"><div class=\"kc_wrapper kc-col-inner-container\"><div class=\"kc-elm kc-css-109371 kc_text_block\"><\/p>\n<h3>Uygulama ile Kontrol \u0130mkan\u0131<\/h3>\n<p>\u00d6nen so\u011futma olarak; Nesnelerin \u0130nterneti (IoT) kavram\u0131n\u0131 destekleyecek \u00f6zellikte yenilik\u00e7i \u00e7al\u0131\u015fmalar yapt\u0131\u011f\u0131m\u0131z i\u00e7in t\u00fcm cihazlar\u0131n\u0131z\u0131 talep etmeniz halinde; internetten y\u00f6netilebilecek veya ger\u00e7ek zamanl\u0131 raporlamalar sunabilecek \u015fekilde tasarl\u0131yoruz.<\/p>\n<p>\n<\/div><\/div><\/div><\/div><div class=\"kc-elm kc-css-549725 kc_row kc_row_inner\"><div class=\"kc-elm kc-css-112323 kc_col-sm-5 kc_column_inner kc_col-sm-5\"><div class=\"kc_wrapper kc-col-inner-container\"><div class=\"kc-elm kc-css-123861 kc_shortcode kc_single_image\">\n\n        <img decoding=\"async\" src=\"http:\/\/www.onensogutma.com\/wp-content\/uploads\/2018\/04\/klimate.jpg\" class=\"\" alt=\"\" \/>    <\/div>\n<\/div><\/div><div class=\"kc-elm kc-css-892602 kc_col-sm-7 kc_column_inner kc_col-sm-7\"><div class=\"kc_wrapper kc-col-inner-container\"><div class=\"kc-elm kc-css-873273 kc_text_block\"><\/p>\n<h3>Sistemleriniz Birbiriyle Haberle\u015fsin!<\/h3>\n<p>\u00d6nen so\u011futma, IoT sistemler sayesinde, herhangi bir durumda ar\u0131za, sabotaj v.b. durumlar\u0131 di\u011fer sistemler ile payla\u015farak; insan m\u00fcdahalesi olmadan \u00e7\u00f6z\u00fcm sa\u011flayabilecek sistemlerin tasar\u0131m\u0131n\u0131 yapmaktad\u0131r. Bu alanda yap\u0131lan \u00e7al\u0131\u015fmalara \u00f6nc\u00fcl\u00fck ederek bu projeleri desteklemekten b\u00fcy\u00fck onur duydu\u011fumuzu bildirmek isteriz. \u00d6nen So\u011futma her zaman \u0130novatif \u00e7\u00f6z\u00fcmler geli\u015ftirmi\u015ftir.<\/p>\n<p>\n<\/div><\/div><\/div><\/div><div class=\"kc-elm kc-css-237102 kc_row kc_row_inner\"><div class=\"kc-elm kc-css-22343 kc_col-sm-12 kc_column_inner kc_col-sm-12\"><div class=\"kc_wrapper kc-col-inner-container\"><div class=\"kc-elm kc-css-164239 kc_text_block\"><\/p>\n<hr \/>\n<p>\n<\/div><\/div><\/div><\/div><div class=\"kc-elm kc-css-400964 kc_row kc_row_inner\"><div class=\"kc-elm kc-css-458408 kc_col-sm-12 kc_column_inner kc_col-sm-12\"><div class=\"kc_wrapper kc-col-inner-container\"><div class=\"kc-elm kc-css-65214 kc_row kc_row_inner\"><div class=\"kc-elm kc-css-664454 kc_col-sm-12 kc_column_inner kc_col-sm-12\"><div class=\"kc_wrapper kc-col-inner-container\"><div class=\"kc-elm kc-css-478477 kc_text_block\"><\/p>\n<h3>Baz\u0131 uygulama \u00f6rneklerimiz;<\/h3>\n<p>Merkezi So\u011futma sistemlerinin, insan fakt\u00f6r\u00fcnden kaynakl\u0131 hatalar\u0131n\u0131 en aza indirgemek sureti ile; kumanda, ba\u011f\u0131ms\u0131z termostat veya panel ile kontrol d\u0131\u015f\u0131nda Ak\u0131ll\u0131 otomasyon \u00e7\u00f6z\u00fcmleri ile da\u011f\u0131t\u0131k alanlarda uygulamalar ile \u0130klimlendirme kontrol\u00fc yapabilecek sistemler tasarlayarak patentini alm\u0131\u015ft\u0131r.<\/p>\n<p>\n<\/div><div class=\"kc-elm kc-css-986710 kc_row kc_row_inner\"><div class=\"kc-elm kc-css-371828 kc_col-sm-6 kc_column_inner kc_col-sm-6\"><div class=\"kc_wrapper kc-col-inner-container\"><ul class=\"listnone fixit-list-style-ul\"><li><i class=\"fa fa-arrow-circle-right\" style=\"color:#ec6b08\"><\/i>Web tabanl\u0131 Termostat Kontrol\u00fc<\/li><li><i class=\"fa fa-arrow-circle-right\" style=\"color:#ec6b08\"><\/i>Android Uygulama \u0130le Kontrol<\/li><li><i class=\"fa fa-arrow-circle-right\" style=\"color:#ec6b08\"><\/i>Apple (IOS) ile \u0130klimlendirme Kontrol\u00fc<\/li><\/ul><\/div><\/div><div class=\"kc-elm kc-css-253460 kc_col-sm-6 kc_column_inner kc_col-sm-6\"><div class=\"kc_wrapper kc-col-inner-container\"><ul class=\"listnone fixit-list-style-ul\"><li><i class=\"fa fa-arrow-circle-right\" style=\"color:#ec6b08\"><\/i>Yapay Zekal\u0131 Sistemler<\/li><li><i class=\"fa fa-arrow-circle-right\" style=\"color:#ec6b08\"><\/i>Ar\u0131za Bildirim Uygulamalar\u0131<\/li><li><i class=\"fa fa-arrow-circle-right\" style=\"color:#ec6b08\"><\/i>Web Tabanl\u0131 Raporlama Sistemleri<\/li><\/ul><\/div><\/div><\/div><\/div><\/div><\/div><\/div><\/div><\/div><div class=\"kc-elm kc-css-764645 kc_row kc_row_inner\"><div class=\"kc-elm kc-css-544911 kc_col-sm-6 kc_column_inner kc_col-sm-6\"><div class=\"kc_wrapper kc-col-inner-container\"><div class=\"kc-elm kc-css-844916 kc_text_block\"><\/p>\n<h3>So\u011futma Sorunlar\u0131n\u0131z\u0131 \u00c7\u00f6z\u00fcyoruz<\/h3>\n<p>Ar\u0131zal\u0131 durumdaki chiller sistemlerinizin bak\u0131m onar\u0131m\u0131n\u0131 yaparak \u00e7al\u0131\u015f\u0131r duruma getiriyoruz.<\/p>\n<p>\n<\/div><\/div><\/div><div class=\"kc-elm kc-css-636296 kc_col-sm-6 kc_column_inner kc_col-sm-6\"><div class=\"kc_wrapper kc-col-inner-container\"><div class=\"kc-elm kc-css-184784 kc_text_block\"><\/p>\n<h3>Kompres\u00f6r Tamiri Yap\u0131yoruz<\/h3>\n<p>Vidal\u0131 ve Scroll tip kompres\u00f6rlerinizin tamir bak\u0131m ve onar\u0131m i\u015flerini garantili bir \u015fekilde yap\u0131yoruz.<\/p>\n<p>\n<\/div><\/div><\/div><\/div><div class=\"kc-elm kc-css-798836 kc_row kc_row_inner\"><div class=\"kc-elm kc-css-580495 kc_col-sm-6 kc_column_inner kc_col-sm-6\"><div class=\"kc_wrapper kc-col-inner-container\"><div class=\"kc-elm kc-css-456514 kc_text_block\"><\/p>\n<h3>\u00dcnitelerinizi Modernize Ediyoruz<\/h3>\n<p>\u0130htiyac\u0131n\u0131z \u00fczerine, mevcut so\u011futma \u00fcniteleriniz i\u00e7in modernizasyon i\u015flemleri yap\u0131yoruz.<\/p>\n<p>\n<\/div><\/div><\/div><div class=\"kc-elm kc-css-361484 kc_col-sm-6 kc_column_inner kc_col-sm-6\"><div class=\"kc_wrapper kc-col-inner-container\"><div class=\"kc-elm kc-css-70213 kc_text_block\"><\/p>\n<h3>Size \u00d6zel tasar\u0131mlar<\/h3>\n<p>Siz d\u00fc\u015f\u00fcn\u00fcn, Biz tasarlayal\u0131m. Evet! d\u00fc\u015f\u00fcnd\u00fc\u011f\u00fcn\u00fcz sistemleri tasarlayarak hayata ge\u00e7iriyoruz.<\/p>\n<p>\n<\/div><\/div><\/div><\/div><div class=\"kc-elm kc-css-282278 kc_row kc_row_inner\"><div class=\"kc-elm kc-css-261810 kc_col-sm-12 kc_column_inner kc_col-sm-12\"><div class=\"kc_wrapper kc-col-inner-container\"><div class=\"cta-block-light pinside30\" style=\"background:#f1f4f7\">\n\t\t\t  <div class=\"row\">\n\t\t\t    <div class=\"col-lg-3 col-md-3 col-sm-4 col-xs-12 text-center\"><i class=\"icon-telephone-1\" style=\"font-size:82px;color:#125687\"><\/i><\/div>\n\t\t\t    <div class=\"col-lg-9 col-md-9 col-sm-8 col-xs-12 mt30\">\n\t\t\t    \t<h4 class=\"cta-small-title\">End\u00fcstriyel So\u011futma Sistemleri i\u00e7in;<\/h4>\r\n<h1 class=\"cta-call-title mb0\">Bize dan\u0131\u015f\u0131n\u0131z. 0412 235 6796<\/h1>\r\n\n\t\t\t    <\/div>\n\t\t\t  <\/div>\n\t\t\t<\/div><\/div><\/div><\/div><\/div><\/div><\/div><\/div><\/section><\/p>","protected":false},"excerpt":{"rendered":"","protected":false},"author":2,"featured_media":0,"parent":110,"menu_order":0,"comment_status":"closed","ping_status":"closed","template":"","meta":{"_exactmetrics_skip_tracking":false,"_exactmetrics_sitenote_active":false,"_exactmetrics_sitenote_note":"","_exactmetrics_sitenote_category":0,"footnotes":""},"aioseo_notices":[],"_links":{"self":[{"href":"http:\/\/www.onensogutma.com\/tr\/wp-json\/wp\/v2\/pages\/158"}],"collection":[{"href":"http:\/\/www.onensogutma.com\/tr\/wp-json\/wp\/v2\/pages"}],"about":[{"href":"http:\/\/www.onensogutma.com\/tr\/wp-json\/wp\/v2\/types\/page"}],"author":[{"embeddable":true,"href":"http:\/\/www.onensogutma.com\/tr\/wp-json\/wp\/v2\/users\/2"}],"replies":[{"embeddable":true,"href":"http:\/\/www.onensogutma.com\/tr\/wp-json\/wp\/v2\/comments?post=158"}],"version-history":[{"count":23,"href":"http:\/\/www.onensogutma.com\/tr\/wp-json\/wp\/v2\/pages\/158\/revisions"}],"predecessor-version":[{"id":1391,"href":"http:\/\/www.onensogutma.com\/tr\/wp-json\/wp\/v2\/pages\/158\/revisions\/1391"}],"up":[{"embeddable":true,"href":"http:\/\/www.onensogutma.com\/tr\/wp-json\/wp\/v2\/pages\/110"}],"wp:attachment":[{"href":"http:\/\/www.onensogutma.com\/tr\/wp-json\/wp\/v2\/media?parent=158"}],"curies":[{"name":"wp","href":"https:\/\/api.w.org\/{rel}","templated":true}]}}