{"id":261,"date":"2017-01-13T14:44:42","date_gmt":"2017-01-13T14:44:42","guid":{"rendered":"http:\/\/wporganic.com\/ac-repair\/demo\/?page_id=261"},"modified":"2018-04-08T11:20:21","modified_gmt":"2018-04-08T08:20:21","slug":"hakkimizda","status":"publish","type":"page","link":"http:\/\/www.onensogutma.com\/tr\/hakkimizda\/","title":{"rendered":"Hakk\u0131m\u0131zda"},"content":{"rendered":"<p><section class=\"kc-elm kc-css-289073 kc_row\"><div class=\"kc-row-container  kc-container\"><div class=\"kc-wrap-columns\"><div class=\"kc-elm kc-css-280118 kc_col-sm-12 kc_column kc_col-sm-12\"><div class=\"kc-col-container\"><div class=\"kc-elm kc-css-957565 kc_row kc_row_inner\"><div class=\"kc-elm kc-css-958456 kc_col-sm-12 kc_column_inner kc_col-sm-12\"><div class=\"kc_wrapper kc-col-inner-container\"><div class=\"kc-elm kc-css-52829 kc_text_block\"><\/p>\n<h1 style=\"text-align: center;\">G\u00fcvenilir \u00c7\u00f6z\u00fcm Orta\u011f\u0131n\u0131z, Dan\u0131\u015fman\u0131n\u0131z<\/h1>\n<p style=\"text-align: center;\">Her t\u00fcrl\u00fc iklimlendirme projeleri taahh\u00fct, montaj ve bak\u0131m i\u015flemleri ile yedek par\u00e7a sat\u0131\u015f alan\u0131nda sekt\u00f6rdeki \u00e7eyrek as\u0131rl\u0131k tecr\u00fcbemiz ile hizmetinizdeyiz.<\/p>\n<p style=\"text-align: center;\">Yedek par\u00e7alar\u0131m\u0131z orijinal olup, yetkili sat\u0131c\u0131 bandrol\u00fcne sahiptir.<\/p>\n<p>\n<\/div><\/div><\/div><\/div><div class=\"kc-elm kc-css-267973 kc_row kc_row_inner\"><div class=\"kc-elm kc-css-705465 kc_col-sm-12 kc_column_inner kc_col-sm-12\"><div class=\"kc_wrapper kc-col-inner-container\"><div class=\"kc-elm kc-css-412142 kc_shortcode kc_single_image\">\n\n        <img decoding=\"async\" src=\"http:\/\/www.onensogutma.com\/wp-content\/uploads\/2018\/04\/hakkimizda.jpg\" class=\"\" alt=\"\" \/>    <\/div>\n<\/div><\/div><\/div><div class=\"kc-elm kc-css-62711 kc_row kc_row_inner\"><div class=\"kc-elm kc-css-913852 kc_col-sm-3 kc_column_inner kc_col-sm-3 col-sm-6\"><div class=\"kc_wrapper kc-col-inner-container\"><div  class=\"feature-block mb10 \" >\n\t\t\t  <div class=\"feature-icon mb20\"> <i class=\"icon-stick-man-2\" style=\" font-size:40px; color:#125687;\"><\/i><\/div><h3>Profesyonellik<\/h3>\r\n<p>Yapt\u0131\u011f\u0131m\u0131z t\u00fcm i\u015flerde profesyonelli\u011fi benimseyerek bu ilkemiz do\u011frultusunda hareket ediyoruz.<\/p>\r\n\n\t\t\t<\/div><\/div><\/div><div class=\"kc-elm kc-css-127304 kc_col-sm-3 kc_column_inner kc_col-sm-3 col-sm-6\"><div class=\"kc_wrapper kc-col-inner-container\"><div  class=\"feature-block mb10 \" >\n\t\t\t  <div class=\"feature-icon mb20\"> <i class=\"et-gears\" style=\" font-size:40px; color:#125687;\"><\/i><\/div><h3>Uzmanl\u0131k<\/h3>\r\n<p>Sadece uzman\u0131 oldu\u011fumuz alanda sizlere hizmet veriyoruz. M\u00fc\u015fterilerimiz bu sebeple memnun!<\/p>\r\n\n\t\t\t<\/div><\/div><\/div><div class=\"kc-elm kc-css-458194 kc_col-sm-3 kc_column_inner kc_col-sm-3 col-sm-6\"><div class=\"kc_wrapper kc-col-inner-container\"><div  class=\"feature-block mb10 \" >\n\t\t\t  <div class=\"feature-icon mb20\"> <i class=\"icon-like\" style=\" font-size:40px; color:#125687;\"><\/i><\/div><h3>D\u00fcr\u00fcstl\u00fck<\/h3>\r\n<p>D\u00fcr\u00fcst bir sat\u0131c\u0131y\u0131z! Vazge\u00e7ilmez bir erdem olan d\u00fcr\u00fcstl\u00fc\u011f\u00fc ya\u015fam\u0131m\u0131z\u0131n her alan\u0131nda g\u00f6rebilirsiniz.<\/p>\r\n\n\t\t\t<\/div><\/div><\/div><div class=\"kc-elm kc-css-31108 kc_col-sm-3 kc_column_inner kc_col-sm-3 col-sm-6\"><div class=\"kc_wrapper kc-col-inner-container\"><div  class=\"feature-block mb10 \" >\n\t\t\t  <div class=\"feature-icon mb20\"> <i class=\"et-trophy\" style=\" font-size:40px; color:#125687;\"><\/i><\/div><h3>Kalite<\/h3>\r\n<p>Sizler i\u00e7in en kaliteli hizmeti sunuyoruz. Orijinal \u00fcr\u00fcnler sat\u0131yoruz ve kullan\u0131yoruz.\u00a0<\/p>\r\n\n\t\t\t<\/div><\/div><\/div><\/div><\/div><\/div><\/div><\/div><\/section><section class=\"kc-elm kc-css-245029 kc_row\"><div class=\"kc-row-container  kc-container\"><div class=\"kc-wrap-columns\"><div class=\"kc-elm kc-css-699466 kc_col-sm-12 kc_column kc_col-sm-12\"><div class=\"kc-col-container\"><div class=\"kc-elm kc-css-853236 kc_row kc_row_inner\"><div class=\"kc-elm kc-css-899788 kc_col-sm-12 kc_column_inner kc_col-sm-12\"><div class=\"kc_wrapper kc-col-inner-container\"><div class=\"kc-elm kc-css-780419 kc_text_block\"><\/p>\n<h1 style=\"text-align: center;\">Hakk\u0131m\u0131zda K\u0131sa Bir Bilgi Edinin<\/h1>\n<p style=\"text-align: center;\">Kurucumuz 1979 y\u0131l\u0131ndan beri sekt\u00f6rde \u00e7al\u0131\u015fmakta olup, 1992 y\u0131l\u0131nda ilk defa i\u015f yerini kurarak; 1995 y\u0131l\u0131nda Ticari so\u011futucular\u0131n \u00fcretim faaliyetlerine ba\u015flam\u0131\u015ft\u0131r.\u00a0 Uzun y\u0131llardan sonra \u00fcretimin d\u0131\u015f\u0131nda yedek par\u00e7a sat\u0131\u015f, bak\u0131m onar\u0131m hizmetleri ve mesleki yaz\u0131l\u0131mlar\u0131n geli\u015ftirilmesi konusunda \u00f6nc\u00fc bir d\u00fc\u015f\u00fcnce ile yola \u00e7\u0131karak, \u015eirketimizi gelece\u011fe ta\u015f\u0131m\u0131\u015ft\u0131r. Sizleri yenilik\u00e7i teknolojiler ile bulu\u015fturmay\u0131 ve \u00fcretim faaliyetlerini s\u00fcrekli s\u00fcrd\u00fcrmeyi hedefleyen \u00d6nen So\u011futma, \u00d6nen markas\u0131n\u0131 tescillemi\u015f ve yak\u0131n d\u00f6nemde kendi markas\u0131 ile yedek par\u00e7a \u00fcreterek sat\u0131\u015f hizmeti sunmaya ba\u015flam\u0131\u015ft\u0131r. Geli\u015fmemizde katk\u0131 sa\u011flayan herkese ayr\u0131 ayr\u0131 te\u015fekk\u00fcr ediyoruz.<\/p>\n<p>\n<\/div><\/div><\/div><\/div><div class=\"kc-elm kc-css-529895 kc_row kc_row_inner\"><div class=\"kc-elm kc-css-944059 kc_col-sm-4 kc_column_inner kc_col-sm-4 col-sm-6\"><div class=\"kc_wrapper kc-col-inner-container\"><div  class=\"feature-block bg-white pinside40 text-center mb20 \" >\n\t\t\t  <div class=\"feature-icon mb20\"> <i class=\"icon-organization\" style=\" font-size:40px; color:#125687;\"><\/i><\/div><h3>Profesyonel Organizasyon<\/h3>\r\n<p>\u015eirketimizin y\u0131llard\u0131r b\u00fcy\u00fcmesindeki en b\u00fcy\u00fck etken \u015f\u00fcphesiz ki profesyonel organizasyon y\u00f6netimi modelimizdir.<\/p>\r\n\n\t\t\t<\/div><\/div><\/div><div class=\"kc-elm kc-css-849781 kc_col-sm-4 kc_column_inner kc_col-sm-4 col-sm-6\"><div class=\"kc_wrapper kc-col-inner-container\"><div  class=\"feature-block bg-white pinside40 text-center mb20 \" >\n\t\t\t  <div class=\"feature-icon mb20\"> <i class=\"et-bargraph\" style=\" font-size:40px; color:#125687;\"><\/i><\/div><h3>\u0130htiya\u00e7 Analizi<\/h3>\r\n<p>M\u00fc\u015fterilerimizin ihtiya\u00e7 duydu\u011fu kaliteli \u00fcr\u00fcnleri ekonomik fiyata tedarik ediyoruz. Fark\u0131m\u0131z Bu!<\/p>\r\n\n\t\t\t<\/div><\/div><\/div><div class=\"kc-elm kc-css-209501 kc_col-sm-4 kc_column_inner kc_col-sm-4 col-sm-6\"><div class=\"kc_wrapper kc-col-inner-container\"><div  class=\"feature-block bg-white pinside40 text-center mb20 \" >\n\t\t\t  <div class=\"feature-icon mb20\"> <i class=\"icon-speech-bubble-20\" style=\" font-size:40px; color:#125687;\"><\/i><\/div><h3>Do\u011fru \u0130leti\u015fim<\/h3>\r\n<p>M\u00fc\u015fterilerimizin ne istediklerini ve neler verebilece\u011fimizi biliyoruz. Zaten \u0130leti\u015fim bu de\u011fil midir?<\/p>\r\n\n\t\t\t<\/div><\/div><\/div><\/div><\/div><\/div><\/div><\/div><\/section><section class=\"kc-elm kc-css-133553 kc_row\"><div class=\"kc-row-container  kc-container\"><div class=\"kc-wrap-columns\"><div class=\"kc-elm kc-css-617750 kc_col-sm-12 kc_column kc_col-sm-12\"><div class=\"kc-col-container\"><div class=\"kc-elm kc-css-433609 kc_row kc_row_inner\"><div class=\"kc-elm kc-css-139047 kc_col-sm-12 kc_column_inner kc_col-sm-12\"><div class=\"kc_wrapper kc-col-inner-container\"><\/div><\/div><\/div><div class=\"kc-elm kc-css-561918 kc_row kc_row_inner\"><div class=\"kc-elm kc-css-5685 kc_col-sm-12 kc_column_inner kc_col-sm-12\"><div class=\"kc_wrapper kc-col-inner-container\"><\/div><\/div><\/div><\/div><\/div><\/div><\/div><\/section><section class=\"kc-elm kc-css-216435 kc_row\"><div class=\"kc-row-container  kc-container\"><div class=\"kc-wrap-columns\"><div class=\"kc-elm kc-css-462818 kc_col-sm-12 kc_column kc_col-sm-12\"><div class=\"kc-col-container\"><div class=\"kc-elm kc-css-751998 kc_row kc_row_inner\"><div class=\"kc-elm kc-css-703880 kc_col-sm-12 kc_column_inner kc_col-sm-12\"><div class=\"kc_wrapper kc-col-inner-container\"><div class=\"kc-elm kc-css-860460 kc_text_block\"><\/p>\n<h1 style=\"text-align: center;\">Daha iyi bir hizmet sunmak i\u00e7in kendi markam\u0131z\u0131 olu\u015fturduk,<\/h1>\n<p style=\"text-align: center;\">Sizleri kaliteli yedek par\u00e7a ile bulu\u015fturmak, daha uzun \u00f6m\u00fcrl\u00fc malzemeleri kullanarak kendi markam\u0131zla \u00e7e\u015fitli \u00fcr\u00fcnler \u00fcrettik.<\/p>\n<p>\n<\/div><\/div><\/div><\/div><div class=\"kc-elm kc-css-459710 kc_row kc_row_inner\"><div class=\"kc-elm kc-css-641522 kc_col-sm-2 kc_column_inner kc_col-sm-2\"><div class=\"kc_wrapper kc-col-inner-container\"><div class=\"kc-elm kc-css-628029 kc_shortcode kc_single_image\">\n\n        <img decoding=\"async\" src=\"http:\/\/www.onensogutma.com\/wp-content\/uploads\/2017\/01\/logo-3-e1523133961933.png\" class=\"\" alt=\"\" \/>    <\/div>\n<\/div><\/div><div class=\"kc-elm kc-css-423798 kc_col-sm-2 kc_column_inner kc_col-sm-2\"><div class=\"kc_wrapper kc-col-inner-container\"><div class=\"kc-elm kc-css-883259 kc_shortcode kc_single_image\">\n\n        <img decoding=\"async\" src=\"http:\/\/www.onensogutma.com\/wp-content\/uploads\/2017\/01\/logo-3-e1523133961933.png\" class=\"\" alt=\"\" \/>    <\/div>\n<\/div><\/div><div class=\"kc-elm kc-css-443504 kc_col-sm-2 kc_column_inner kc_col-sm-2\"><div class=\"kc_wrapper kc-col-inner-container\"><div class=\"kc-elm kc-css-75264 kc_shortcode kc_single_image\">\n\n        <img decoding=\"async\" src=\"http:\/\/www.onensogutma.com\/wp-content\/uploads\/2017\/01\/logo-3-e1523133961933.png\" class=\"\" alt=\"\" \/>    <\/div>\n<\/div><\/div><div class=\"kc-elm kc-css-942534 kc_col-sm-2 kc_column_inner kc_col-sm-2\"><div class=\"kc_wrapper kc-col-inner-container\"><div class=\"kc-elm kc-css-684959 kc_shortcode kc_single_image\">\n\n        <img decoding=\"async\" src=\"http:\/\/www.onensogutma.com\/wp-content\/uploads\/2017\/01\/logo-3-e1523133961933.png\" class=\"\" alt=\"\" \/>    <\/div>\n<\/div><\/div><div class=\"kc-elm kc-css-241501 kc_col-sm-2 kc_column_inner kc_col-sm-2\"><div class=\"kc_wrapper kc-col-inner-container\"><div class=\"kc-elm kc-css-947497 kc_shortcode kc_single_image\">\n\n        <img decoding=\"async\" src=\"http:\/\/www.onensogutma.com\/wp-content\/uploads\/2017\/01\/logo-3-e1523133961933.png\" class=\"\" alt=\"\" \/>    <\/div>\n<\/div><\/div><div class=\"kc-elm kc-css-680123 kc_col-sm-2 kc_column_inner kc_col-sm-2\"><div class=\"kc_wrapper kc-col-inner-container\"><div class=\"kc-elm kc-css-777219 kc_shortcode kc_single_image\">\n\n        <img decoding=\"async\" src=\"http:\/\/www.onensogutma.com\/wp-content\/uploads\/2017\/01\/logo-3-e1523133961933.png\" class=\"\" alt=\"\" \/>    <\/div>\n<\/div><\/div><\/div><\/div><\/div><\/div><\/div><\/section><\/p>","protected":false},"excerpt":{"rendered":"","protected":false},"author":2,"featured_media":0,"parent":0,"menu_order":0,"comment_status":"closed","ping_status":"closed","template":"","meta":{"_exactmetrics_skip_tracking":false,"_exactmetrics_sitenote_active":false,"_exactmetrics_sitenote_note":"","_exactmetrics_sitenote_category":0,"footnotes":""},"aioseo_notices":[],"_links":{"self":[{"href":"http:\/\/www.onensogutma.com\/tr\/wp-json\/wp\/v2\/pages\/261"}],"collection":[{"href":"http:\/\/www.onensogutma.com\/tr\/wp-json\/wp\/v2\/pages"}],"about":[{"href":"http:\/\/www.onensogutma.com\/tr\/wp-json\/wp\/v2\/types\/page"}],"author":[{"embeddable":true,"href":"http:\/\/www.onensogutma.com\/tr\/wp-json\/wp\/v2\/users\/2"}],"replies":[{"embeddable":true,"href":"http:\/\/www.onensogutma.com\/tr\/wp-json\/wp\/v2\/comments?post=261"}],"version-history":[{"count":21,"href":"http:\/\/www.onensogutma.com\/tr\/wp-json\/wp\/v2\/pages\/261\/revisions"}],"predecessor-version":[{"id":1062,"href":"http:\/\/www.onensogutma.com\/tr\/wp-json\/wp\/v2\/pages\/261\/revisions\/1062"}],"wp:attachment":[{"href":"http:\/\/www.onensogutma.com\/tr\/wp-json\/wp\/v2\/media?parent=261"}],"curies":[{"name":"wp","href":"https:\/\/api.w.org\/{rel}","templated":true}]}}