{"id":323,"date":"2017-01-13T15:45:16","date_gmt":"2017-01-13T15:45:16","guid":{"rendered":"http:\/\/wporganic.com\/ac-repair\/demo\/?page_id=323"},"modified":"2018-04-08T13:17:43","modified_gmt":"2018-04-08T10:17:43","slug":"sss","status":"publish","type":"page","link":"http:\/\/www.onensogutma.com\/tr\/sss\/","title":{"rendered":"S\u0131k\u00e7a Sorulan Sorular"},"content":{"rendered":"<p><section class=\"kc-elm kc-css-389834 kc_row\"><div class=\"kc-row-container  kc-container\"><div class=\"kc-wrap-columns\"><div class=\"kc-elm kc-css-831794 kc_col-sm-12 kc_column kc_col-sm-12\"><div class=\"kc-col-container\"><div class=\"kc-elm kc-css-870429 kc_row kc_row_inner\"><div class=\"kc-elm kc-css-899012 kc_col-sm-12 kc_column_inner kc_col-sm-12\"><div class=\"kc_wrapper kc-col-inner-container\"><div class=\"kc-elm kc-css-729859 kc_text_block\"><\/p>\n<h2>Sormak \u00d6\u011frenmenin Yar\u0131s\u0131d\u0131r.<\/h2>\n<p>Bir hata yapmadan \u00f6nce sorarak hatay\u0131 do\u011fruya \u00e7evirme \u015fans\u0131n\u0131z oldu\u011funu sak\u0131n unutmay\u0131n. Uzmanl\u0131k alan\u0131m\u0131zla ilgili her t\u00fcrl\u00fc soruyu bizlere sorabilirsiniz. Sitemiz ileti\u015fim k\u0131sm\u0131ndaki form veya telefon numaralar\u0131m\u0131z, e-posta hesaplar\u0131m\u0131zdan her zaman ileti\u015fime ge\u00e7ebilir, soru sorabilirsiniz. E\u011fer konum olarak yak\u0131n iseniz gelip bir kahvemizi de i\u00e7ebilirsiniz. Bundan memnuniyet duyar\u0131z!<\/p>\n<p>\n<\/div><\/div><\/div><\/div><div class=\"kc-elm kc-css-771222 kc_row kc_row_inner\"><div class=\"kc-elm kc-css-265628 kc_col-sm-12 kc_column_inner kc_col-sm-12\"><div class=\"kc_wrapper kc-col-inner-container\"><div class=\"kc-elm kc-css-874430 kc_shortcode kc_single_image\">\n\n        <img decoding=\"async\" src=\"http:\/\/www.onensogutma.com\/wp-content\/uploads\/2018\/04\/on-plan.jpg\" class=\"\" alt=\"\" \/>    <\/div>\n<\/div><\/div><\/div><div class=\"kc-elm kc-css-365893 kc_row kc_row_inner\"><div class=\"kc-elm kc-css-960829 kc_col-sm-12 kc_column_inner kc_col-sm-12\"><div class=\"kc_wrapper kc-col-inner-container\"><div class=\"st-accordion\"><div class=\"panel-group\" id=\"_fixit_accordion_yAZ9TpJc75\"><div class=\"panel panel-default\">\n\t\t    <div class=\"panel-heading\">\n\t\t      <h4 class=\"panel-title\"> <i class=\"et-lightbulb\" style=\"margin-right:10px;color:#125687;\"><\/i>\n\t\t        <a data-toggle=\"collapse\" data-parent=\"#_fixit_accordion_yAZ9TpJc75\" href=\"#to4k2xbGWg\">Split Klimay\u0131 Kendim Temizleyebilir miyim?<\/a>\n\t\t      <\/h4>\n\t\t    <\/div>\n\t\t    <div id=\"to4k2xbGWg\" class=\"panel-collapse collapse in\">\n\t\t      <div class=\"panel-body\">\n\t\t\t\t\t<p>Tavsiye etti\u011fimiz bir i\u015flem olmasa dahi, teknik becerileriniz var ise siz de gerekli bak\u0131m i\u015flemini yapabilirsiniz. Ancak biz bu konuda uzman ekibe sahip bir Servisten destek alman\u0131z\u0131 \u00f6neriyoruz.\u00a0<\/p>\r\n<p>Peki temizli\u011fi kendim yapar\u0131m diyorsan\u0131z, nelere dikkat etmeniz gerekiyor.<\/p>\r\n<ul>\r\n<li><span lang=\"TR\">\u00a0Toz filtresini i\u00e7 \u00fcniteden \u00e7\u0131kar\u0131p gerekli temizlik i\u015flemini yapt\u0131ktan sonra kurulamal\u0131s\u0131n\u0131z.<\/span><\/li>\r\n<li><span lang=\"TR\">Kompres\u00f6r \u00fczerinde birikmi\u015f olan kirlerin temizlendi\u011finden emin olmal\u0131s\u0131n\u0131z.<\/span><\/li>\r\n<li><span lang=\"TR\">Kondanser sistemine antibakteriyal kimyasal s\u0131v\u0131 ile temizleme i\u015flemi yapmal\u0131s\u0131n\u0131z.<\/span><\/li>\r\n<li><span lang=\"TR\">D\u0131\u015f \u00fcnitede birikmi\u015f olan kirli materyaller oradan kald\u0131r\u0131larak temizlemelisiniz.<\/span><\/li>\r\n<li>Kondanseri bol su ile y\u0131kamal\u0131s\u0131n\u0131z.<\/li>\r\n<li><span lang=\"TR\">Fan motorlar\u0131n\u0131n hava \u00e7\u0131k\u0131\u015flar\u0131n\u0131 temizlemelisiniz.<\/span><\/li>\r\n<li><span lang=\"TR\">Gaz giri\u015f musluklar\u0131n\u0131 temizlemelisiniz.<\/span><\/li>\r\n<li>Toz filtresini dezenfektan ile temizlemelisiniz.<\/li>\r\n<li>Kliman\u0131n i\u00e7 \u00fcnitedeki aparatlar\u0131n\u0131 dezenfektan ve su ile y\u0131kamal\u0131s\u0131n\u0131z.<\/li>\r\n<li>D\u0131\u015f \u00fcnite aksamlar\u0131n\u0131 kimyasal s\u0131v\u0131 ve bol su ile y\u0131kamal\u0131s\u0131n\u0131z.<\/li>\r\n<li>Bas\u0131n\u00e7l\u0131 su ile temizlikten emin olmal\u0131 ve durulama i\u015flemine b\u0131rakmal\u0131s\u0131n\u0131z.<\/li>\r\n<\/ul>\r\n<p>Bu i\u015flemleri yapmak sizler i\u00e7in kolay ise tabii ki kendiniz bak\u0131m yapabilirsiniz. Ancak bu i\u015flemleri yapman\u0131n iyi bir fikir oldu\u011funu d\u00fc\u015f\u00fcnm\u00fcyorsan\u0131z; Sizlere bir telefon kadar yak\u0131n\u0131z.<\/p>\r\n\n\t\t      <\/div>\n\t\t    <\/div>\n\t\t  <\/div><div class=\"panel panel-default\">\n\t\t    <div class=\"panel-heading\">\n\t\t      <h4 class=\"panel-title\"> <i class=\"et-lightbulb\" style=\"margin-right:10px;color:#125687;\"><\/i>\n\t\t        <a data-toggle=\"collapse\" data-parent=\"#_fixit_accordion_yAZ9TpJc75\" href=\"#8jpQcm7oqI\">Beyaz e\u015fya al\u0131rken ne t\u00fcr kriterlere dikkat etmeliyim?<\/a>\n\t\t      <\/h4>\n\t\t    <\/div>\n\t\t    <div id=\"8jpQcm7oqI\" class=\"panel-collapse collapse \">\n\t\t      <div class=\"panel-body\">\n\t\t\t\t\t<p>Asl\u0131nda bu sorunun cevab\u0131 baya uzun:) Ancak sizler i\u00e7in bir ka\u00e7 p\u00fcf nokta payla\u015fmam\u0131zda yarar olacakt\u0131r elbette.<\/p>\r\n<ul>\r\n<li>Hangi \u00fcr\u00fcn\u00fc al\u0131rsan\u0131z al\u0131n! yayg\u0131n bir servis a\u011f\u0131n\u0131n oldu\u011fundan emin olunuz. Sat\u0131\u015f sonras\u0131 servis deste\u011fi yoksa \u00fcr\u00fcn\u00fcn\u00fcz maalesef bir i\u015fe yaramayacakt\u0131r.<\/li>\r\n<li>\u0130htiyac\u0131n\u0131z olan nitelikleri belirleyin ve ona g\u00f6re beyaz e\u015fya al\u0131n. 2 programl\u0131 bir bula\u015f\u0131k makinesi i\u015finize yar\u0131yorsa 4 programl\u0131 bir makineyi tercih etmeyiniz.<\/li>\r\n<li>Alaca\u011f\u0131n\u0131z \u00fcr\u00fcn\u00fc yetkili sat\u0131\u015f noktas\u0131nda muhakkak g\u00f6r\u00fcn\u00fcz. G\u00f6rmeden internetten sipari\u015f verdi\u011finiz \u00fcr\u00fcnlerde bir s\u00fcrpriz ile kar\u015f\u0131la\u015fma olas\u0131l\u0131\u011f\u0131n\u0131z \u00e7ok y\u00fcksek.<\/li>\r\n<li>Derin dondurucu mu buzdolab\u0131 m\u0131 sorunsal\u0131 ya\u015famak istemiyorsan\u0131z; hangisinin daha \u00e7ok ihtiyac\u0131n\u0131z\u0131 g\u00f6rebilece\u011fi konusunda \u00f6n ara\u015ft\u0131rma yapman\u0131zda fayda olacakt\u0131r.<\/li>\r\n<li>\u00c7ok kalabal\u0131k bir aile de\u011fil iseniz \u00c7ama\u015f\u0131r makinesi al\u0131rken k\u0131sa ve \u00f6n y\u0131kama program\u0131na sahip makineleri se\u00e7mek i\u015finize yarayacakt\u0131r. Ayr\u0131ca \u00e7ok fazla \u00e7ama\u015f\u0131r\u0131n\u0131z olmayaca\u011f\u0131 i\u00e7in daha b\u00fcy\u00fck kazanl\u0131 makineleri tercih etmek yerine k\u00fc\u00e7\u00fck olanlar\u0131 se\u00e7eceksiniz.<\/li>\r\n<li>\u00dcr\u00fcn\u00fcn\u00fcz\u00fcn garanti s\u00fcresinin artt\u0131r\u0131l\u0131p artt\u0131r\u0131lmad\u0131\u011f\u0131n\u0131 da muhakkak sorman\u0131z gerekiyor. Nedense baz\u0131 \u00fcr\u00fcnler garantileri bitti\u011fi gibi bozulmaya ba\u015fl\u0131yor de\u011fil mi? \ud83d\ude42<\/li>\r\n<li>\u00d6nemli g\u0131dalar\u0131n\u0131z\u0131 bar\u0131nd\u0131rd\u0131\u011f\u0131n\u0131z buzdolab\u0131lar\u0131n, herhangi bir elektrik kesintisi neticesinde ka\u00e7 saat so\u011fuk muhafaza s\u00fcresi oldu\u011funu muhakkak sorunuz. Et, s\u00fct, yo\u011furt ve k\u0131\u015fl\u0131k g\u0131dalar\u0131n\u0131z telef olabilir. Buna dikkat ediniz.<\/li>\r\n<li>Buzdolab\u0131 al\u0131rken hava sirk\u00fclasyonuna sahip raflar\u0131n bulunmas\u0131na dikkat ediniz. Sonra orta rafta kalan yemekleriniz heba olabilir.<\/li>\r\n<li>Mikrodalga f\u0131r\u0131n, ankastre\u00a0 ve set \u00fcst\u00fc al\u0131rken temizlik ve kullan\u0131m kolayl\u0131\u011f\u0131na dikkat ederek se\u00e7im yapabilirsiniz.<\/li>\r\n<li>Elektrikli s\u00fcp\u00fcrge alacaksan\u0131z; l\u00fctfen g\u00fcr\u00fclt\u00fc seviyesi d\u00fc\u015f\u00fck bir \u00fcr\u00fcn tercih ediniz. Kom\u015fular\u0131n\u0131z\u0131 rahats\u0131z etmeye hakk\u0131n\u0131z yok:) Alaca\u011f\u0131n\u0131z \u00fcr\u00fcn\u00fcn hortumlar\u0131n\u0131n de\u011fi\u015ftirilebilir, torbas\u0131n\u0131n de\u011fi\u015ftirilebilir ve emi\u015f g\u00fcc\u00fcn\u00fcn y\u00fcksek olmas\u0131 tercih nedeniniz olmal\u0131d\u0131r.<\/li>\r\n<\/ul>\r\n<p>E\u011fer halen karar veremediyseniz, sizleri yetkili sat\u0131c\u0131 ma\u011fazam\u0131zda bilgilendirmekten ho\u015fnut oluruz.\u00a0<\/p>\r\n\n\t\t      <\/div>\n\t\t    <\/div>\n\t\t  <\/div><div class=\"panel panel-default\">\n\t\t    <div class=\"panel-heading\">\n\t\t      <h4 class=\"panel-title\"> <i class=\"et-lightbulb\" style=\"margin-right:10px;color:#125687;\"><\/i>\n\t\t        <a data-toggle=\"collapse\" data-parent=\"#_fixit_accordion_yAZ9TpJc75\" href=\"#1I4xKqAMEf\">Hangi beyaz e\u015fya markas\u0131n\u0131 tercih etmeliyim?<\/a>\n\t\t      <\/h4>\n\t\t    <\/div>\n\t\t    <div id=\"1I4xKqAMEf\" class=\"panel-collapse collapse \">\n\t\t      <div class=\"panel-body\">\n\t\t\t\t\t<p>Prensip olarak t\u00fcm markalara e\u015fit mesafede durmaktay\u0131z, ancak bu konuda sizlere tavsiyemiz \u015f\u00f6yle olacakt\u0131r;<\/p>\r\n<p>Yayg\u0131n servis a\u011f\u0131 ve teknik destek hizmetlerinin kapsaml\u0131 olmas\u0131 sebebi ile Ar\u00e7elik, Beko, Altus gibi \u00fcr\u00fcnlerin tercih edilmesini tavsiye ediyoruz.\u00a0<\/p>\r\n<p>Farkl\u0131 markalarla ilgili kafan\u0131za tak\u0131lan her t\u00fcrl\u00fc soru, g\u00f6r\u00fc\u015f ve \u00f6neri i\u00e7in ziyarette bulunabilirsiniz.<\/p>\r\n\n\t\t      <\/div>\n\t\t    <\/div>\n\t\t  <\/div><div class=\"panel panel-default\">\n\t\t    <div class=\"panel-heading\">\n\t\t      <h4 class=\"panel-title\"> <i class=\"et-lightbulb\" style=\"margin-right:10px;color:#125687;\"><\/i>\n\t\t        <a data-toggle=\"collapse\" data-parent=\"#_fixit_accordion_yAZ9TpJc75\" href=\"#9v0RVTQseF\">Yapt\u0131\u011f\u0131n\u0131z Tamirat, Bak\u0131m ve Onar\u0131mlar i\u00e7in Garanti veriyor musunuz?<\/a>\n\t\t      <\/h4>\n\t\t    <\/div>\n\t\t    <div id=\"9v0RVTQseF\" class=\"panel-collapse collapse \">\n\t\t      <div class=\"panel-body\">\n\t\t\t\t\t<p>Evet! Garanti veriyoruz.\u00a0<\/p>\r\n<p>\u00c7\u00fcnk\u00fc; hem teknik servis ekibimize hem de kulland\u0131\u011f\u0131m\u0131z yedek par\u00e7alar\u0131n orijinalli\u011fine dikkat etti\u011fimiz i\u00e7in sizleri ma\u011fdur etmiyoruz.\u00a0<\/p>\r\n<p>Tak\u0131lan \u00fcr\u00fcnlerde ad\u0131n\u0131za d\u00fczenlenmi\u015f bir garanti belgesi vererek, garanti s\u00fcresi durumunda her hangi bir olumsuzluk ile kar\u015f\u0131la\u015f\u0131rsan\u0131z gerekli i\u015flemleri en k\u0131sa s\u00fcrede yap\u0131yor olaca\u011f\u0131z. Garanti ko\u015fullar\u0131 ve detaylar i\u00e7in l\u00fctfen bizden bilgi talep ediniz.<\/p>\r\n\n\t\t      <\/div>\n\t\t    <\/div>\n\t\t  <\/div><\/div><\/div><\/div><\/div><\/div><\/div><\/div><\/div><\/div><\/section><\/p>","protected":false},"excerpt":{"rendered":"","protected":false},"author":2,"featured_media":0,"parent":0,"menu_order":0,"comment_status":"closed","ping_status":"closed","template":"","meta":{"_exactmetrics_skip_tracking":false,"_exactmetrics_sitenote_active":false,"_exactmetrics_sitenote_note":"","_exactmetrics_sitenote_category":0,"footnotes":""},"aioseo_notices":[],"_links":{"self":[{"href":"http:\/\/www.onensogutma.com\/tr\/wp-json\/wp\/v2\/pages\/323"}],"collection":[{"href":"http:\/\/www.onensogutma.com\/tr\/wp-json\/wp\/v2\/pages"}],"about":[{"href":"http:\/\/www.onensogutma.com\/tr\/wp-json\/wp\/v2\/types\/page"}],"author":[{"embeddable":true,"href":"http:\/\/www.onensogutma.com\/tr\/wp-json\/wp\/v2\/users\/2"}],"replies":[{"embeddable":true,"href":"http:\/\/www.onensogutma.com\/tr\/wp-json\/wp\/v2\/comments?post=323"}],"version-history":[{"count":11,"href":"http:\/\/www.onensogutma.com\/tr\/wp-json\/wp\/v2\/pages\/323\/revisions"}],"predecessor-version":[{"id":1121,"href":"http:\/\/www.onensogutma.com\/tr\/wp-json\/wp\/v2\/pages\/323\/revisions\/1121"}],"wp:attachment":[{"href":"http:\/\/www.onensogutma.com\/tr\/wp-json\/wp\/v2\/media?parent=323"}],"curies":[{"name":"wp","href":"https:\/\/api.w.org\/{rel}","templated":true}]}}