{"id":335,"date":"2017-01-13T16:02:02","date_gmt":"2017-01-13T16:02:02","guid":{"rendered":"http:\/\/wporganic.com\/ac-repair\/demo\/?page_id=335"},"modified":"2018-04-12T18:03:53","modified_gmt":"2018-04-12T15:03:53","slug":"is-ortaklari","status":"publish","type":"page","link":"http:\/\/www.onensogutma.com\/tr\/is-ortaklari\/","title":{"rendered":"\u0130\u015f Ortaklar\u0131"},"content":{"rendered":"<p><section class=\"kc-elm kc-css-464076 kc_row\"><div class=\"kc-row-container  kc-container\"><div class=\"kc-wrap-columns\"><div class=\"kc-elm kc-css-480644 kc_col-sm-12 kc_column kc_col-sm-12\"><div class=\"kc-col-container\"><div class=\"kc-elm kc-css-780715 kc_row kc_row_inner\"><div class=\"kc-elm kc-css-898956 kc_col-sm-12 kc_column_inner kc_col-sm-12\"><div class=\"kc_wrapper kc-col-inner-container\"><div class=\"kc-elm kc-css-20843 kc_text_block\"><\/p>\n<h1 style=\"text-align: center;\">Yedek Par\u00e7a tedarik\u00e7isi ve \u0130\u015f Orta\u011f\u0131 oldu\u011fumuz baz\u0131 markalar<\/h1>\n<p style=\"text-align: center;\">Ayr\u0131ca, ithal etmi\u015f oldu\u011fumuz \u00fcr\u00fcnler ile burada g\u00f6steremedi\u011fimiz y\u00fczlerce marka i\u00e7in l\u00fctfen ileti\u015fime ge\u00e7erek bilgi al\u0131n\u0131z.\u00a0<\/p>\n<p style=\"text-align: center;\">\u00d6nen So\u011futma olarak ihtiya\u00e7lar\u0131n\u0131z do\u011frultusunda kaliteli yedek par\u00e7alar\u0131 temin edebilece\u011fimizi unutmay\u0131n\u0131z.<\/p>\n<p>\n<\/div><\/div><\/div><\/div><div class=\"kc-elm kc-css-858230 kc_row kc_row_inner\"><div class=\"kc-elm kc-css-963356 kc_col-sm-2 kc_column_inner kc_col-sm-2\"><div class=\"kc_wrapper kc-col-inner-container\"><div class=\"kc-elm kc-css-915597 kc-animated kc-animate-eff-bounceInLeft kc_shortcode kc_single_image\">\n\n        <img decoding=\"async\" src=\"http:\/\/www.onensogutma.com\/wp-content\/uploads\/2018\/04\/indir.png\" class=\"\" alt=\"\" \/>    <\/div>\n<\/div><\/div><div class=\"kc-elm kc-css-543367 kc_col-sm-2 kc_column_inner kc_col-sm-2\"><div class=\"kc_wrapper kc-col-inner-container\"><div class=\"kc-elm kc-css-511773 kc-animated kc-animate-eff-bounceInLeft kc_shortcode kc_single_image\">\n\n        <img decoding=\"async\" src=\"http:\/\/www.onensogutma.com\/wp-content\/uploads\/2018\/04\/logo.jpg\" class=\"\" alt=\"\" \/>    <\/div>\n<\/div><\/div><div class=\"kc-elm kc-css-998995 kc_col-sm-2 kc_column_inner kc_col-sm-2\"><div class=\"kc_wrapper kc-col-inner-container\"><div class=\"kc-elm kc-css-709521 kc-animated kc-animate-eff-bounceInLeft kc_shortcode kc_single_image\">\n\n        <img decoding=\"async\" src=\"http:\/\/www.onensogutma.com\/wp-content\/uploads\/2018\/04\/cache_5410801.jpg\" class=\"\" alt=\"\" \/>    <\/div>\n<\/div><\/div><div class=\"kc-elm kc-css-761772 kc_col-sm-2 kc_column_inner kc_col-sm-2\"><div class=\"kc_wrapper kc-col-inner-container\"><div class=\"kc-elm kc-css-398090 kc-animated kc-animate-eff-bounceInLeft kc_shortcode kc_single_image\">\n\n        <img decoding=\"async\" src=\"http:\/\/www.onensogutma.com\/wp-content\/uploads\/2018\/04\/aspera.png\" class=\"\" alt=\"\" \/>    <\/div>\n<\/div><\/div><div class=\"kc-elm kc-css-866049 kc_col-sm-2 kc_column_inner kc_col-sm-2\"><div class=\"kc_wrapper kc-col-inner-container\"><div class=\"kc-elm kc-css-412682 kc-animated kc-animate-eff-bounceInLeft kc_shortcode kc_single_image\">\n\n        <img decoding=\"async\" src=\"http:\/\/www.onensogutma.com\/wp-content\/uploads\/2018\/04\/danfoss.png\" class=\"\" alt=\"\" \/>    <\/div>\n<\/div><\/div><div class=\"kc-elm kc-css-610449 kc_col-sm-2 kc_column_inner kc_col-sm-2\"><div class=\"kc_wrapper kc-col-inner-container\"><div class=\"kc-elm kc-css-929150 kc-animated kc-animate-eff-bounceInLeft kc_shortcode kc_single_image\">\n\n        <img decoding=\"async\" src=\"http:\/\/www.onensogutma.com\/wp-content\/uploads\/2018\/04\/ranco.jpg\" class=\"\" alt=\"\" \/>    <\/div>\n<\/div><\/div><\/div><div class=\"kc-elm kc-css-247095 kc_row kc_row_inner\"><div class=\"kc-elm kc-css-435185 kc_col-sm-2 kc_column_inner kc_col-sm-2\"><div class=\"kc_wrapper kc-col-inner-container\"><div class=\"kc-elm kc-css-32332 kc_shortcode kc_single_image\">\n\n        <img decoding=\"async\" src=\"http:\/\/www.onensogutma.com\/wp-content\/uploads\/2018\/04\/buderus.jpg\" class=\"\" alt=\"\" \/>    <\/div>\n<\/div><\/div><div class=\"kc-elm kc-css-336074 kc_col-sm-2 kc_column_inner kc_col-sm-2\"><div class=\"kc_wrapper kc-col-inner-container\"><div class=\"kc-elm kc-css-250490 kc_shortcode kc_single_image\">\n\n        <img decoding=\"async\" src=\"http:\/\/www.onensogutma.com\/wp-content\/uploads\/2018\/04\/fujitsu-1.png\" class=\"\" alt=\"\" \/>    <\/div>\n<\/div><\/div><div class=\"kc-elm kc-css-755475 kc_col-sm-2 kc_column_inner kc_col-sm-2\"><div class=\"kc_wrapper kc-col-inner-container\"><div class=\"kc-elm kc-css-58379 kc_shortcode kc_single_image\">\n\n        <img decoding=\"async\" src=\"http:\/\/www.onensogutma.com\/wp-content\/uploads\/2018\/04\/haier.png\" class=\"\" alt=\"\" \/>    <\/div>\n<\/div><\/div><div class=\"kc-elm kc-css-267982 kc_col-sm-2 kc_column_inner kc_col-sm-2\"><div class=\"kc_wrapper kc-col-inner-container\"><div class=\"kc-elm kc-css-95607 kc_shortcode kc_single_image\">\n\n        <img decoding=\"async\" src=\"http:\/\/www.onensogutma.com\/wp-content\/uploads\/2018\/04\/lg.png\" class=\"\" alt=\"\" \/>    <\/div>\n<\/div><\/div><div class=\"kc-elm kc-css-825399 kc_col-sm-2 kc_column_inner kc_col-sm-2\"><div class=\"kc_wrapper kc-col-inner-container\"><div class=\"kc-elm kc-css-386604 kc_shortcode kc_single_image\">\n\n        <img decoding=\"async\" src=\"http:\/\/www.onensogutma.com\/wp-content\/uploads\/2018\/04\/toshiba.png\" class=\"\" alt=\"\" \/>    <\/div>\n<\/div><\/div><div class=\"kc-elm kc-css-727014 kc_col-sm-2 kc_column_inner kc_col-sm-2\"><div class=\"kc_wrapper kc-col-inner-container\"><div class=\"kc-elm kc-css-385359 kc_shortcode kc_single_image\">\n\n        <img decoding=\"async\" src=\"http:\/\/www.onensogutma.com\/wp-content\/uploads\/2018\/04\/logo.png\" class=\"\" alt=\"\" \/>    <\/div>\n<\/div><\/div><\/div><div class=\"kc-elm kc-css-650972 kc_row kc_row_inner\"><div class=\"kc-elm kc-css-290468 kc_col-sm-2 kc_column_inner kc_col-sm-2\"><div class=\"kc_wrapper kc-col-inner-container\"><div class=\"kc-elm kc-css-497969 kc-animated kc-animate-eff-bounceInRight kc_shortcode kc_single_image\">\n\n        <img decoding=\"async\" src=\"http:\/\/www.onensogutma.com\/wp-content\/uploads\/2018\/04\/ferroli.jpg\" class=\"\" alt=\"\" \/>    <\/div>\n<\/div><\/div><div class=\"kc-elm kc-css-70687 kc_col-sm-2 kc_column_inner kc_col-sm-2\"><div class=\"kc_wrapper kc-col-inner-container\"><div class=\"kc-elm kc-css-284651 kc-animated kc-animate-eff-bounceInRight kc_shortcode kc_single_image\">\n\n        <img decoding=\"async\" src=\"http:\/\/www.onensogutma.com\/wp-content\/uploads\/2018\/04\/daikin.png\" class=\"\" alt=\"\" \/>    <\/div>\n<\/div><\/div><div class=\"kc-elm kc-css-804882 kc_col-sm-2 kc_column_inner kc_col-sm-2\"><div class=\"kc_wrapper kc-col-inner-container\"><div class=\"kc-elm kc-css-964643 kc-animated kc-animate-eff-bounceInRight kc_shortcode kc_single_image\">\n\n        <img decoding=\"async\" src=\"http:\/\/www.onensogutma.com\/wp-content\/uploads\/2018\/04\/gree.png\" class=\"\" alt=\"\" \/>    <\/div>\n<\/div><\/div><div class=\"kc-elm kc-css-850418 kc_col-sm-2 kc_column_inner kc_col-sm-2\"><div class=\"kc_wrapper kc-col-inner-container\"><div class=\"kc-elm kc-css-205105 kc-animated kc-animate-eff-bounceInRight kc_shortcode kc_single_image\">\n\n        <img decoding=\"async\" src=\"http:\/\/www.onensogutma.com\/wp-content\/uploads\/2018\/04\/vaillant.png\" class=\"\" alt=\"\" \/>    <\/div>\n<\/div><\/div><div class=\"kc-elm kc-css-805374 kc_col-sm-2 kc_column_inner kc_col-sm-2\"><div class=\"kc_wrapper kc-col-inner-container\"><div class=\"kc-elm kc-css-217942 kc-animated kc-animate-eff-bounceInRight kc_shortcode kc_single_image\">\n\n        <img decoding=\"async\" src=\"http:\/\/www.onensogutma.com\/wp-content\/uploads\/2018\/04\/panasonic.jpg\" class=\"\" alt=\"\" \/>    <\/div>\n<\/div><\/div><div class=\"kc-elm kc-css-20948 kc_col-sm-2 kc_column_inner kc_col-sm-2\"><div class=\"kc_wrapper kc-col-inner-container\"><div class=\"kc-elm kc-css-218982 kc-animated kc-animate-eff-bounceInRight kc_shortcode kc_single_image\">\n\n        <img decoding=\"async\" src=\"http:\/\/www.onensogutma.com\/wp-content\/uploads\/2018\/04\/miller.jpg\" class=\"\" alt=\"\" \/>    <\/div>\n<\/div><\/div><\/div><div class=\"kc-elm kc-css-724495 kc_row kc_row_inner\"><div class=\"kc-elm kc-css-123829 kc_col-sm-2 kc_column_inner kc_col-sm-2\"><div class=\"kc_wrapper kc-col-inner-container\"><div class=\"kc-elm kc-css-294028 kc_shortcode kc_single_image\">\n\n        <img decoding=\"async\" src=\"http:\/\/www.onensogutma.com\/wp-content\/uploads\/2018\/04\/arcelik.png\" class=\"\" alt=\"\" \/>    <\/div>\n<\/div><\/div><div class=\"kc-elm kc-css-896566 kc_col-sm-2 kc_column_inner kc_col-sm-2\"><div class=\"kc_wrapper kc-col-inner-container\"><div class=\"kc-elm kc-css-422154 kc_shortcode kc_single_image\">\n\n        <img decoding=\"async\" src=\"http:\/\/www.onensogutma.com\/wp-content\/uploads\/2018\/04\/demirdokum.jpg\" class=\"\" alt=\"\" \/>    <\/div>\n<\/div><\/div><div class=\"kc-elm kc-css-417587 kc_col-sm-2 kc_column_inner kc_col-sm-2\"><div class=\"kc_wrapper kc-col-inner-container\"><div class=\"kc-elm kc-css-523517 kc_shortcode kc_single_image\">\n\n        <img decoding=\"async\" src=\"http:\/\/www.onensogutma.com\/wp-content\/uploads\/2018\/04\/bosch.png\" class=\"\" alt=\"\" \/>    <\/div>\n<\/div><\/div><div class=\"kc-elm kc-css-694307 kc_col-sm-2 kc_column_inner kc_col-sm-2\"><div class=\"kc_wrapper kc-col-inner-container\"><div class=\"kc-elm kc-css-612394 kc_shortcode kc_single_image\">\n\n        <img decoding=\"async\" src=\"http:\/\/www.onensogutma.com\/wp-content\/uploads\/2018\/04\/vestel.png\" class=\"\" alt=\"\" \/>    <\/div>\n<\/div><\/div><div class=\"kc-elm kc-css-993982 kc_col-sm-2 kc_column_inner kc_col-sm-2\"><div class=\"kc_wrapper kc-col-inner-container\"><div class=\"kc-elm kc-css-285755 kc_shortcode kc_single_image\">\n\n        <img decoding=\"async\" src=\"http:\/\/www.onensogutma.com\/wp-content\/uploads\/2018\/04\/airfel.jpg\" class=\"\" alt=\"\" \/>    <\/div>\n<\/div><\/div><div class=\"kc-elm kc-css-377066 kc_col-sm-2 kc_column_inner kc_col-sm-2\"><div class=\"kc_wrapper kc-col-inner-container\"><div class=\"kc-elm kc-css-766190 kc_shortcode kc_single_image\">\n\n        <img decoding=\"async\" src=\"http:\/\/www.onensogutma.com\/wp-content\/uploads\/2018\/04\/baymak.jpg\" class=\"\" alt=\"\" \/>    <\/div>\n<\/div><\/div><\/div><\/div><\/div><\/div><\/div><\/section><\/p>","protected":false},"excerpt":{"rendered":"","protected":false},"author":2,"featured_media":0,"parent":0,"menu_order":0,"comment_status":"closed","ping_status":"closed","template":"","meta":{"_exactmetrics_skip_tracking":false,"_exactmetrics_sitenote_active":false,"_exactmetrics_sitenote_note":"","_exactmetrics_sitenote_category":0,"footnotes":""},"aioseo_notices":[],"_links":{"self":[{"href":"http:\/\/www.onensogutma.com\/tr\/wp-json\/wp\/v2\/pages\/335"}],"collection":[{"href":"http:\/\/www.onensogutma.com\/tr\/wp-json\/wp\/v2\/pages"}],"about":[{"href":"http:\/\/www.onensogutma.com\/tr\/wp-json\/wp\/v2\/types\/page"}],"author":[{"embeddable":true,"href":"http:\/\/www.onensogutma.com\/tr\/wp-json\/wp\/v2\/users\/2"}],"replies":[{"embeddable":true,"href":"http:\/\/www.onensogutma.com\/tr\/wp-json\/wp\/v2\/comments?post=335"}],"version-history":[{"count":17,"href":"http:\/\/www.onensogutma.com\/tr\/wp-json\/wp\/v2\/pages\/335\/revisions"}],"predecessor-version":[{"id":1398,"href":"http:\/\/www.onensogutma.com\/tr\/wp-json\/wp\/v2\/pages\/335\/revisions\/1398"}],"wp:attachment":[{"href":"http:\/\/www.onensogutma.com\/tr\/wp-json\/wp\/v2\/media?parent=335"}],"curies":[{"name":"wp","href":"https:\/\/api.w.org\/{rel}","templated":true}]}}