{"id":355,"date":"2017-01-13T18:06:56","date_gmt":"2017-01-13T18:06:56","guid":{"rendered":"http:\/\/wporganic.com\/ac-repair\/demo\/?page_id=355"},"modified":"2018-04-09T11:02:26","modified_gmt":"2018-04-09T08:02:26","slug":"is-yerlerimiz","status":"publish","type":"page","link":"http:\/\/www.onensogutma.com\/tr\/is-yerlerimiz\/","title":{"rendered":"\u0130\u015f Yerlerimiz"},"content":{"rendered":"<p><section class=\"kc-elm kc-css-759184 kc_row\"><div class=\"kc-row-container  kc-container\"><div class=\"kc-wrap-columns\"><div class=\"kc-elm kc-css-859682 kc_col-sm-12 kc_column kc_col-sm-12\"><div class=\"row kc-col-container\"><div class=\"kc-elm kc-css-586704 kc_text_block\"><\/p>\n<h1 style=\"text-align: center;\">Teknik Servis Hizmet Noktalar\u0131m\u0131z<\/h1>\n<p style=\"text-align: center;\">Yedek par\u00e7a sat\u0131\u015f\u0131 ve teknik servis hizmeti sa\u011flad\u0131\u011f\u0131m\u0131z noktalar;<\/p>\n<p>\n<\/div><\/div><\/div><\/div><\/div><\/section><section class=\"kc-elm kc-css-642175 kc_row\"><div class=\"kc-row-container  kc-container\"><div class=\"kc-wrap-columns\"><div class=\"kc-elm kc-css-103136 kc_col-sm-12 kc_column kc_col-sm-12\"><div class=\"kc-col-container\"><div class=\"row\"><div class=\"col-lg-4 col-md-4 col-sm-6 col-xs-12\"><div class=\"location-block bg-white pinside30 mb30\"><h3><a target=\"_self\" href=\"http:\/\/www.onensogutma.com\/iletisim\" class=\"location-title\">Polis Okulu, Ba\u011flar, Diyarbak\u0131r<\/a><\/h3><p><span data-mce-type=\"bookmark\" style=\"display: inline-block; width: 0px; overflow: hidden; line-height: 0;\" class=\"mce_SELRES_start\">\ufeff<\/span>Emek Caddesi Polis Okulu Yan\u0131<br \/> Seyran3 Apt Alt\u0131 No:102\/F <br \/>Ba\u011flar, Diyarbak\u0131r<\/p>\r\n<p class=\"location-call mb10\"><a href=\"tel:+90 412 235 6796\">+90 412 235 6796<\/a><\/p><p class=\"location-email mb30\"><a href=\"mailto:mehdi@onensogutma.com\">mehdi@onensogutma.com<\/a><\/p><div class=\"locaiton-link\"> <a target=\"_self\" href=\"http:\/\/www.onensogutma.com\/iletisim\" title=\"\u0130leti\u015fim Formu\" class=\"btn btn-default\">\u0130leti\u015fime Ge\u00e7<\/a> <\/div><\/div><\/div><div class=\"col-lg-4 col-md-4 col-sm-6 col-xs-12\"><div class=\"location-block bg-white pinside30 mb30\"><h3><a target=\"_self\" href=\"http:\/\/www.onensogutma.com\/iletisim\" class=\"location-title\">Cezaevi, Ba\u011flar, Diyarbak\u0131r<\/a><\/h3><p><span data-mce-type=\"bookmark\" style=\"display: inline-block; width: 0px; overflow: hidden; line-height: 0;\" class=\"mce_SELRES_start\">\ufeff<\/span>Emek Caddesi Cezaevi alt k\u00f6\u015fe<br \/> 468 Sk. Kupik Apt Alt\u0131 No:1 <br \/>Ba\u011flar, Diyarbak\u0131r<\/p><p class=\"location-call mb10\"><a href=\"tel:+90 535 588 8113\">+90 535 588 8113<\/a><\/p><p class=\"location-email mb30\"><a href=\"mailto:info@onensogutma.com.tr\">info@onensogutma.com.tr<\/a><\/p><div class=\"locaiton-link\"> <a target=\"_self\" href=\"http:\/\/www.onensogutma.com\/iletisim\" title=\"\u0130leti\u015fim Formu\" class=\"btn btn-default\">\u0130leti\u015fime Ge\u00e7<\/a> <\/div><\/div><\/div><div class=\"col-lg-4 col-md-4 col-sm-6 col-xs-12\"><div class=\"location-block bg-white pinside30 mb30\"><h3><a target=\"_self\" href=\"http:\/\/www.onensogutma.com\/iletisim\" class=\"location-title\">Da\u011fkap\u0131, Sur, Diyarbak\u0131r<\/a><\/h3><p>Telgrafhane 1 Sk.\u00a0<br \/> Kevser Apt Alt\u0131 No:106\/A<br \/>Sur, Diyarbak\u0131r<\/p>\r\n<p class=\"location-call mb10\"><a href=\"tel:+90 531 246 9635\">+90 531 246 9635<\/a><\/p><p class=\"location-email mb30\"><a href=\"mailto:info@onensogutma.com\">info@onensogutma.com<\/a><\/p><div class=\"locaiton-link\"> <a target=\"_self\" href=\"http:\/\/www.onensogutma.com\/iletisim\" title=\"\u0130leti\u015fim Formu\" class=\"btn btn-default\">\u0130leti\u015fime Ge\u00e7<\/a> <\/div><\/div><\/div><\/div><\/div><\/div><\/div><\/section><\/p>","protected":false},"excerpt":{"rendered":"","protected":false},"author":2,"featured_media":0,"parent":0,"menu_order":0,"comment_status":"closed","ping_status":"closed","template":"","meta":{"_exactmetrics_skip_tracking":false,"_exactmetrics_sitenote_active":false,"_exactmetrics_sitenote_note":"","_exactmetrics_sitenote_category":0,"footnotes":""},"aioseo_notices":[],"_links":{"self":[{"href":"http:\/\/www.onensogutma.com\/tr\/wp-json\/wp\/v2\/pages\/355"}],"collection":[{"href":"http:\/\/www.onensogutma.com\/tr\/wp-json\/wp\/v2\/pages"}],"about":[{"href":"http:\/\/www.onensogutma.com\/tr\/wp-json\/wp\/v2\/types\/page"}],"author":[{"embeddable":true,"href":"http:\/\/www.onensogutma.com\/tr\/wp-json\/wp\/v2\/users\/2"}],"replies":[{"embeddable":true,"href":"http:\/\/www.onensogutma.com\/tr\/wp-json\/wp\/v2\/comments?post=355"}],"version-history":[{"count":13,"href":"http:\/\/www.onensogutma.com\/tr\/wp-json\/wp\/v2\/pages\/355\/revisions"}],"predecessor-version":[{"id":1228,"href":"http:\/\/www.onensogutma.com\/tr\/wp-json\/wp\/v2\/pages\/355\/revisions\/1228"}],"wp:attachment":[{"href":"http:\/\/www.onensogutma.com\/tr\/wp-json\/wp\/v2\/media?parent=355"}],"curies":[{"name":"wp","href":"https:\/\/api.w.org\/{rel}","templated":true}]}}