{"id":358,"date":"2017-01-13T18:19:19","date_gmt":"2017-01-13T18:19:19","guid":{"rendered":"http:\/\/wporganic.com\/ac-repair\/demo\/?page_id=358"},"modified":"2018-04-08T13:33:33","modified_gmt":"2018-04-08T10:33:33","slug":"baglar","status":"publish","type":"page","link":"http:\/\/www.onensogutma.com\/tr\/is-yerlerimiz\/baglar\/","title":{"rendered":"Ba\u011flar"},"content":{"rendered":"<p><section class=\"kc-elm kc-css-119289 kc_row\"><div class=\"kc-row-container  kc-container\"><div class=\"kc-wrap-columns\"><div class=\"kc-elm kc-css-658987 kc_col-sm-12 kc_column kc_col-sm-12\"><div class=\"kc-col-container\"><div class=\"kc-elm kc-css-202221 kc_row kc_row_inner\"><div class=\"kc-elm kc-css-23195 kc_col-sm-12 kc_column_inner kc_col-sm-12\"><div class=\"kc_wrapper kc-col-inner-container\"><div class=\"kc-elm kc-css-664994 kc-animated kc-animate-eff-fadeInRight kc_text_block\"><\/p>\n<div class=\"section-title mb40\">\n<h1>Ba\u011flar &#8211; Yedek Par\u00e7a Sat\u0131\u015f Noktas\u0131<\/h1>\n<p>Her t\u00fcrl\u00fc Elektrikli ev aletleri, Beyaz e\u015fyalar, So\u011futma gruplar\u0131, Is\u0131tma ve Havaland\u0131rma sistemlerine ait yedek par\u00e7alar\u0131 bulabilece\u011finiz Yedek Par\u00e7a Sat\u0131\u015f Noktas\u0131d\u0131r. Ayr\u0131ca Teknik Servis Hizmetleri de verilmektedir.<\/p>\n<\/div>\n<p>\n<\/div><\/div><\/div><\/div><div class=\"kc-elm kc-css-653835 kc_row kc_row_inner\"><div class=\"kc-elm kc-css-184771 kc_col-sm-12 kc_column_inner kc_col-sm-12\"><div class=\"kc_wrapper kc-col-inner-container\"><div class=\"kc-elm kc-css-899060 kc_google_maps kc_shortcode\"><div style=\"height: 350px\" class=\"kc-google-maps\"><iframe loading=\"lazy\" src=\"https:\/\/www.google.com\/maps\/embed?pb=!1m18!1m12!1m3!1d12588.534382717984!2d40.205137429786646!3d37.9273093257091!2m3!1f0!2f0!3f0!3m2!1i1024!2i768!4f13.1!3m3!1m2!1s0x0%3A0xd289eccbbfdb9c81!2zw5ZuZW4gSXPEsXRtYSBTb8SfdXRtYSBEYXkuIFTDvGsuIE1hbC4!5e0!3m2!1str!2str!4v1523137937182\" width=\"100%\" height=\"350\" frameborder=\"0\" style=\"border:0\" allowfullscreen><\/iframe><\/div><\/div><\/div><\/div><\/div><div class=\"kc-elm kc-css-994318 kc_row kc_row_inner\"><div class=\"kc-elm kc-css-34209 kc_col-sm-12 kc_column_inner kc_col-sm-12\"><div class=\"kc_wrapper kc-col-inner-container\"><div class=\"kc-elm kc-css-610367 kc_text_block\"><\/p>\n<p><a class=\"btn btn-default\" href=\"http:\/\/www.onensogutma.com\/iletisim\" target=\"_blank\" rel=\"noopener\">\u0130leti\u015fime Ge\u00e7in<\/a>\u00a0\u00a0<a class=\"btn btn-primary\" href=\"http:\/\/www.onensogutma.com\/hizmetler\" target=\"_blank\" rel=\"noopener\">Hizmetlerimizi G\u00f6r\u00fcn<\/a><\/p>\n<p>\n<\/div><\/div><\/div><\/div><\/div><\/div><\/div><\/div><\/section><\/p>","protected":false},"excerpt":{"rendered":"","protected":false},"author":2,"featured_media":0,"parent":355,"menu_order":0,"comment_status":"closed","ping_status":"closed","template":"","meta":{"_exactmetrics_skip_tracking":false,"_exactmetrics_sitenote_active":false,"_exactmetrics_sitenote_note":"","_exactmetrics_sitenote_category":0,"footnotes":""},"aioseo_notices":[],"_links":{"self":[{"href":"http:\/\/www.onensogutma.com\/tr\/wp-json\/wp\/v2\/pages\/358"}],"collection":[{"href":"http:\/\/www.onensogutma.com\/tr\/wp-json\/wp\/v2\/pages"}],"about":[{"href":"http:\/\/www.onensogutma.com\/tr\/wp-json\/wp\/v2\/types\/page"}],"author":[{"embeddable":true,"href":"http:\/\/www.onensogutma.com\/tr\/wp-json\/wp\/v2\/users\/2"}],"replies":[{"embeddable":true,"href":"http:\/\/www.onensogutma.com\/tr\/wp-json\/wp\/v2\/comments?post=358"}],"version-history":[{"count":12,"href":"http:\/\/www.onensogutma.com\/tr\/wp-json\/wp\/v2\/pages\/358\/revisions"}],"predecessor-version":[{"id":1129,"href":"http:\/\/www.onensogutma.com\/tr\/wp-json\/wp\/v2\/pages\/358\/revisions\/1129"}],"up":[{"embeddable":true,"href":"http:\/\/www.onensogutma.com\/tr\/wp-json\/wp\/v2\/pages\/355"}],"wp:attachment":[{"href":"http:\/\/www.onensogutma.com\/tr\/wp-json\/wp\/v2\/media?parent=358"}],"curies":[{"name":"wp","href":"https:\/\/api.w.org\/{rel}","templated":true}]}}