{"id":385,"date":"2017-01-13T18:43:36","date_gmt":"2017-01-13T18:43:36","guid":{"rendered":"http:\/\/wporganic.com\/ac-repair\/demo\/?page_id=385"},"modified":"2018-04-09T11:40:10","modified_gmt":"2018-04-09T08:40:10","slug":"iletisim","status":"publish","type":"page","link":"http:\/\/www.onensogutma.com\/tr\/iletisim\/","title":{"rendered":"\u0130leti\u015fim"},"content":{"rendered":"<p><section class=\"kc-elm kc-css-537823 kc_row\"><div class=\"kc-row-container  kc-container\"><div class=\"kc-wrap-columns\"><div class=\"kc-elm kc-css-619166 kc_col-sm-12 kc_column kc_col-sm-12\"><div class=\"kc-col-container\"><div class=\"kc-elm kc-css-952092 kc_google_maps kc_shortcode\"><div style=\"height: 400px\" class=\"kc-google-maps\"><iframe loading=\"lazy\" src=\"https:\/\/www.google.com\/maps\/embed?pb=!1m14!1m8!1m3!1d3147.1369053887865!2d40.1962213!3d37.927232!3m2!1i1024!2i768!4f13.1!3m3!1m2!1s0x40751f97650ff91d%3A0x29c11e54fe09619c!2zw5ZORU4gU2_En3V0bWEgSXPEsXRtYQ!5e0!3m2!1str!2str!4v1523131971404\" width=\"100%\" height=\"400\" frameborder=\"0\" style=\"border:0\" allowfullscreen><\/iframe><\/div><\/div><\/div><\/div><\/div><\/div><\/section><section class=\"kc-elm kc-css-783405 kc_row\"><div class=\"kc-row-container  kc-container\"><div class=\"kc-wrap-columns\"><div class=\"kc-elm kc-css-128497 kc_col-sm-12 kc_column kc_col-sm-12\"><div class=\"kc-col-container\"><div class=\"kc-elm kc-css-312540 kc_row kc_row_inner\"><div class=\"kc-elm kc-css-137459 kc_col-sm-3 kc_column_inner kc_col-sm-3 col-sm-6\"><div class=\"kc_wrapper kc-col-inner-container\"><div  class=\"feature-block bg-white pinside40 text-center mb20 \" >\n\t\t\t  <div class=\"feature-icon mb20\"> <i class=\"icon-placeholder\" style=\" font-size:40px; color:#125687;\"><\/i><\/div><h4>Adresimiz<\/h4>\r\nEmek Caddesi Polis Okulu Yan\u0131 Seyran3 Apt Alt\u0131 No:102\/F Ba\u011flar Diyarbak\u0131r\n\t\t\t<\/div><\/div><\/div><div class=\"kc-elm kc-css-527608 kc_col-sm-3 kc_column_inner kc_col-sm-3 col-sm-6\"><div class=\"kc_wrapper kc-col-inner-container\"><div  class=\"feature-block bg-white pinside40 text-center mb20 \" >\n\t\t\t  <div class=\"feature-icon mb20\"> <i class=\"icon-telephone-8\" style=\" font-size:40px; color:#125687;\"><\/i><\/div><h4>Telefon<\/h4>\r\n+ 90 412 235 6796<br>\r\n+ 90 539 488 8435<br>\r\n+ 90 535 474 6362\n\t\t\t<\/div><\/div><\/div><div class=\"kc-elm kc-css-778400 kc_col-sm-3 kc_column_inner kc_col-sm-3 col-sm-6\"><div class=\"kc_wrapper kc-col-inner-container\"><div  class=\"feature-block bg-white pinside40 text-center mb20 \" >\n\t\t\t  <div class=\"feature-icon mb20\"> <i class=\"fa-envelope-o\" style=\" font-size:40px; color:#125687;\"><\/i><\/div><h4>E-posta Adreslerimiz<\/h4>\r\ninfo@onensogutma.com.tr\r\nmehdi@onensogutma.com\r\ninfo@onensogutma.com\n\t\t\t<\/div><\/div><\/div><div class=\"kc-elm kc-css-637267 kc_col-sm-3 kc_column_inner kc_col-sm-3 col-sm-6\"><div class=\"kc_wrapper kc-col-inner-container\"><div  class=\"feature-block bg-white pinside40 text-center mb20 \" style=\"padding: 28px;\">\n\t\t\t  <div class=\"feature-icon mb20\"> <i class=\"icon-clock\" style=\" font-size:40px; color:#125687;\"><\/i><\/div><h4>Mesai Saatlerimiz<\/h4>\r\n<p><strong>Pzt- Cum<\/strong>08:00 - 20:00<br \/><strong>Cumartesi<\/strong>08:30 - 20:00\u00a0 \u00a0\u00a0<strong><br \/>Pazar<\/strong> 09:00 - 14:00<\/p>\r\n\n\t\t\t<\/div><\/div><\/div><\/div><\/div><\/div><\/div><\/div><\/section><section class=\"kc-elm kc-css-924013 kc_row\"><div class=\"kc-row-container  kc-container\"><div class=\"kc-wrap-columns\"><div class=\"kc-elm kc-css-786359 kc_col-sm-12 kc_column kc_col-sm-12\"><div class=\"kc-col-container\"><div class=\"kc-elm kc-css-303629 kc_row kc_row_inner\"><div class=\"kc-elm kc-css-865377 kc_col-sm-12 kc_column_inner kc_col-sm-12\"><div class=\"kc_wrapper kc-col-inner-container\"><div class=\"kc-elm kc-css-145967 kc_text_block\"><\/p>\n<h2>Her t\u00fcrl\u00fc soru, g\u00f6r\u00fc\u015f ve \u00f6neri i\u00e7in ula\u015fabilirsiniz.<\/h2>\n<p>\n<\/div><div class=\"kc-elm kc-css-994453 kc_text_block\"><\/p>\n<div class=\"wpcf7 no-js\" id=\"wpcf7-f27-o1\" lang=\"en-US\" dir=\"ltr\">\n<div class=\"screen-reader-response\">\n<p role=\"status\" aria-live=\"polite\" aria-atomic=\"true\">\n<ul><\/ul>\n<\/div>\n<form action=\"\/tr\/wp-json\/wp\/v2\/pages\/385#wpcf7-f27-o1\" method=\"post\" class=\"wpcf7-form init\" aria-label=\"Contact form\" novalidate=\"novalidate\" data-status=\"init\">\n<div style=\"display: none;\">\n<input type=\"hidden\" name=\"_wpcf7\" value=\"27\" \/><br \/>\n<input type=\"hidden\" name=\"_wpcf7_version\" value=\"5.8.5\" \/><br \/>\n<input type=\"hidden\" name=\"_wpcf7_locale\" value=\"en_US\" \/><br \/>\n<input type=\"hidden\" name=\"_wpcf7_unit_tag\" value=\"wpcf7-f27-o1\" \/><br \/>\n<input type=\"hidden\" name=\"_wpcf7_container_post\" value=\"0\" \/><br \/>\n<input type=\"hidden\" name=\"_wpcf7_posted_data_hash\" value=\"\" \/>\n<\/div>\n<div class=\"row\">\n <!-- Text input--><\/p>\n<div class=\"col-md-6\">\n<div class=\"form-group\">\n<p><label class=\"control-label\" for=\"name\">Ad\u0131n\u0131z<span class=\"required\">*<\/span><\/label><br \/>\n<span class=\"wpcf7-form-control-wrap\" data-name=\"Name\"><input size=\"40\" class=\"wpcf7-form-control wpcf7-text wpcf7-validates-as-required form-control input-md\" id=\"name\" aria-required=\"true\" aria-invalid=\"false\" value=\"\" type=\"text\" name=\"Name\" \/><\/span>\n\t\t\t<\/p>\n<\/p><\/div>\n<\/p><\/div>\n<p> <!-- Text input--><\/p>\n<div class=\"col-md-6\">\n<div class=\"form-group\">\n<p><label class=\"control-label\" for=\"email\">E-posta Adresiniz<span class=\"required\">*<\/span><\/label><br \/>\n<span class=\"wpcf7-form-control-wrap\" data-name=\"email\"><input size=\"40\" class=\"wpcf7-form-control wpcf7-email wpcf7-validates-as-required wpcf7-text wpcf7-validates-as-email form-control input-md\" id=\"email\" aria-required=\"true\" aria-invalid=\"false\" value=\"\" type=\"email\" name=\"email\" \/><\/span>\n\t\t\t<\/p>\n<\/p><\/div>\n<\/p><\/div>\n<p> <!-- Text input--><\/p>\n<div class=\"col-md-6\">\n<div class=\"form-group\">\n<p><label class=\"control-label\" for=\"phone\">Telefon Numaran\u0131z<span class=\"required\">*<\/span><\/label><br \/>\n<span class=\"wpcf7-form-control-wrap\" data-name=\"phone\"><input size=\"40\" class=\"wpcf7-form-control wpcf7-text wpcf7-validates-as-required form-control input-md\" id=\"phone\" aria-required=\"true\" aria-invalid=\"false\" value=\"\" type=\"text\" name=\"phone\" \/><\/span>\n\t\t\t<\/p>\n<\/p><\/div>\n<\/p><\/div>\n<p> <!-- Select Basic --><\/p>\n<div class=\"col-md-6\">\n<div class=\"form-group\">\n<p><label class=\"control-label\" for=\"service\">Size nas\u0131l yard\u0131mc\u0131 olabiliriz?<\/label><br \/>\n<span class=\"wpcf7-form-control-wrap\" data-name=\"services\"><select class=\"wpcf7-form-control wpcf7-select wpcf7-validates-as-required form-control\" id=\"service\" aria-required=\"true\" aria-invalid=\"false\" name=\"services\"><option value=\"Yedek Par\u00e7a Sat\u0131\u015f\">Yedek Par\u00e7a Sat\u0131\u015f<\/option><option value=\"Bak\u0131m &amp; Onar\u0131m Hizmetleri\">Bak\u0131m &amp; Onar\u0131m Hizmetleri<\/option><option value=\"Dan\u0131\u015fmanl\u0131k Hizmetleri\">Dan\u0131\u015fmanl\u0131k Hizmetleri<\/option><option value=\"\u00d6neri, \u015eikayet ve \u0130stek\">\u00d6neri, \u015eikayet ve \u0130stek<\/option><option value=\"Di\u011fer\">Di\u011fer<\/option><\/select><\/span>\n\t\t\t<\/p>\n<\/p><\/div>\n<\/p><\/div>\n<p> <!-- Select Basic --><\/p>\n<div class=\"col-md-12\">\n<div class=\"form-group\">\n<p><label class=\"control-label\" for=\"comments\">Mesaj\u0131n\u0131z\u0131 detayl\u0131 bir \u015fekilde ifade ediniz.<\/label><br \/>\n<span class=\"wpcf7-form-control-wrap\" data-name=\"Comments\"><textarea cols=\"40\" rows=\"10\" class=\"wpcf7-form-control wpcf7-textarea wpcf7-validates-as-required form-control\" id=\"comment\" aria-required=\"true\" aria-invalid=\"false\" name=\"Comments\"><\/textarea><\/span>\n\t\t\t<\/p>\n<\/p><\/div>\n<\/p><\/div>\n<p> <!-- Button --><\/p>\n<div class=\"col-md-12\">\n<p><input class=\"wpcf7-form-control wpcf7-submit has-spinner btn btn-default\" id=\"submit\" type=\"submit\" value=\"G\u00f6nder\" \/>\n\t\t<\/p>\n<\/p><\/div>\n<\/div>\n<div class=\"wpcf7-response-output\" aria-hidden=\"true\"><\/div>\n<\/form>\n<\/div>\n<p>\n<\/div><\/div><\/div><\/div><\/div><\/div><\/div><\/div><\/section><section class=\"kc-elm kc-css-380786 kc_row\"><div class=\"kc-row-container  kc-container\"><div class=\"kc-wrap-columns\"><div class=\"kc-elm kc-css-304934 kc_col-sm-12 kc_column kc_col-sm-12\"><div class=\"kc-col-container\"><div class=\"kc-elm kc-css-516489 kc_row kc_row_inner\"><div class=\"kc-elm kc-css-247924 kc_col-sm-12 kc_column_inner kc_col-sm-12\"><div class=\"kc_wrapper kc-col-inner-container\"><div class=\"kc-elm kc-css-388815 kc_text_block\"><\/p>\n<h1 style=\"text-align: center;\">G\u00fcveninizi kaybetmektense; para kaybetmeyi tercih ediyoruz.<\/h1>\n<p style=\"text-align: center;\">Yedek Par\u00e7a sat\u0131\u015f, bak\u0131m onar\u0131m faaliyetleri ve dan\u0131\u015fmanl\u0131k hizmetlerinde bizi tercih etti\u011finiz i\u00e7in te\u015fekk\u00fcr ederiz.<\/p>\n<p>\n<\/div><\/div><\/div><\/div><div class=\"kc-elm kc-css-708350 kc_row kc_row_inner\"><div class=\"kc-elm kc-css-402790 kc_col-sm-2 kc_column_inner kc_col-sm-2\"><div class=\"kc_wrapper kc-col-inner-container\"><div class=\"kc-elm kc-css-998768 kc_shortcode kc_single_image\">\n\n        <img decoding=\"async\" src=\"http:\/\/www.onensogutma.com\/wp-content\/uploads\/2017\/01\/logo-4.png\" class=\"\" alt=\"\" \/>    <\/div>\n<\/div><\/div><div class=\"kc-elm kc-css-108158 kc_col-sm-2 kc_column_inner kc_col-sm-2\"><div class=\"kc_wrapper kc-col-inner-container\"><div class=\"kc-elm kc-css-53685 kc_shortcode kc_single_image\">\n\n        <img decoding=\"async\" src=\"http:\/\/www.onensogutma.com\/wp-content\/uploads\/2018\/04\/beko.png\" class=\"\" alt=\"\" \/>    <\/div>\n<\/div><\/div><div class=\"kc-elm kc-css-216623 kc_col-sm-2 kc_column_inner kc_col-sm-2\"><div class=\"kc_wrapper kc-col-inner-container\"><div class=\"kc-elm kc-css-153426 kc_shortcode kc_single_image\">\n\n        <img decoding=\"async\" src=\"http:\/\/www.onensogutma.com\/wp-content\/uploads\/2018\/04\/bosch.png\" class=\"\" alt=\"\" \/>    <\/div>\n<\/div><\/div><div class=\"kc-elm kc-css-156367 kc_col-sm-2 kc_column_inner kc_col-sm-2\"><div class=\"kc_wrapper kc-col-inner-container\"><div class=\"kc-elm kc-css-529260 kc_shortcode kc_single_image\">\n\n        <img decoding=\"async\" src=\"http:\/\/www.onensogutma.com\/wp-content\/uploads\/2018\/04\/samsung.png\" class=\"\" alt=\"\" \/>    <\/div>\n<\/div><\/div><div class=\"kc-elm kc-css-715564 kc_col-sm-2 kc_column_inner kc_col-sm-2\"><div class=\"kc_wrapper kc-col-inner-container\"><div class=\"kc-elm kc-css-976176 kc_shortcode kc_single_image\">\n\n        <img decoding=\"async\" src=\"http:\/\/www.onensogutma.com\/wp-content\/uploads\/2018\/04\/altus-1.png\" class=\"\" alt=\"\" \/>    <\/div>\n<\/div><\/div><div class=\"kc-elm kc-css-109612 kc_col-sm-2 kc_column_inner kc_col-sm-2\"><div class=\"kc_wrapper kc-col-inner-container\"><div class=\"kc-elm kc-css-104575 kc_shortcode kc_single_image\">\n\n        <img decoding=\"async\" src=\"http:\/\/www.onensogutma.com\/wp-content\/uploads\/2018\/04\/arcelik.png\" class=\"\" alt=\"\" \/>    <\/div>\n<\/div><\/div><\/div><\/div><\/div><\/div><\/div><\/section><\/p>","protected":false},"excerpt":{"rendered":"","protected":false},"author":2,"featured_media":0,"parent":0,"menu_order":0,"comment_status":"closed","ping_status":"closed","template":"","meta":{"_exactmetrics_skip_tracking":false,"_exactmetrics_sitenote_active":false,"_exactmetrics_sitenote_note":"","_exactmetrics_sitenote_category":0,"footnotes":""},"aioseo_notices":[],"_links":{"self":[{"href":"http:\/\/www.onensogutma.com\/tr\/wp-json\/wp\/v2\/pages\/385"}],"collection":[{"href":"http:\/\/www.onensogutma.com\/tr\/wp-json\/wp\/v2\/pages"}],"about":[{"href":"http:\/\/www.onensogutma.com\/tr\/wp-json\/wp\/v2\/types\/page"}],"author":[{"embeddable":true,"href":"http:\/\/www.onensogutma.com\/tr\/wp-json\/wp\/v2\/users\/2"}],"replies":[{"embeddable":true,"href":"http:\/\/www.onensogutma.com\/tr\/wp-json\/wp\/v2\/comments?post=385"}],"version-history":[{"count":36,"href":"http:\/\/www.onensogutma.com\/tr\/wp-json\/wp\/v2\/pages\/385\/revisions"}],"predecessor-version":[{"id":1246,"href":"http:\/\/www.onensogutma.com\/tr\/wp-json\/wp\/v2\/pages\/385\/revisions\/1246"}],"wp:attachment":[{"href":"http:\/\/www.onensogutma.com\/tr\/wp-json\/wp\/v2\/media?parent=385"}],"curies":[{"name":"wp","href":"https:\/\/api.w.org\/{rel}","templated":true}]}}