{"id":839,"date":"2017-01-28T09:08:34","date_gmt":"2017-01-28T09:08:34","guid":{"rendered":"http:\/\/wporganic.com\/ac-repair\/demo\/?page_id=839"},"modified":"2018-04-08T13:32:54","modified_gmt":"2018-04-08T10:32:54","slug":"galeri","status":"publish","type":"page","link":"http:\/\/www.onensogutma.com\/tr\/galeri\/","title":{"rendered":"Galeri"},"content":{"rendered":"<p><section class=\"kc-elm kc-css-628810 kc_row\"><div class=\"kc-row-container  kc-container\"><div class=\"kc-wrap-columns\"><div class=\"kc-elm kc-css-44805 kc_col-sm-12 kc_column kc_col-sm-12\"><div class=\"kc-col-container\"><div class=\"row\"><div class=\"col-lg-12 col-md-12 col-sm-12 col-xs-12 text-center\"><div class=\"portfolioFilter\"><a href=\"#\" data-filter=\"*\" class=\"current\">All<\/a><a href=\"#\" data-filter=\".isitma-sogutma\" class=\"\">Is\u0131tma & So\u011futma<\/a><a href=\"#\" data-filter=\".havalandirma-hvac\" class=\"\">Havaland\u0131rma & HVAC<\/a><a href=\"#\" data-filter=\".yedek-parca\" class=\"\">Yedek Par\u00e7a<\/a><a href=\"#\" data-filter=\".beyaz-esya-satis\" class=\"\">Beyaz E\u015fya Sat\u0131\u015f<\/a><\/div><\/div><\/div><div class=\"row\"><div class=\"col-lg-12 col-md-12 col-sm-12 col-xs-12\"><div class=\"row\"><div class=\"portfolioContainer isotope popup-gallery\"><div class=\"isitma-sogutma col-lg-3 col-md-3 col-sm-6 col-xs-12\">\n\t\t            <div class=\"gallery-block gallery-pics gallery-popup-mouse\">\n\t\t              <div class=\"gallery-img gallery-pic\">\n\t\t                    <a href=\"http:\/\/www.onensogutma.com\/wp-content\/uploads\/2017\/01\/gallery-936x776.png\" class=\"image-link\" title=\"Is\u0131tma & So\u011futma\"><img decoding=\"async\" src=\"http:\/\/www.onensogutma.com\/wp-content\/uploads\/2017\/01\/gallery-936x776.png\" alt=\"Is\u0131tma & So\u011futma\" class=\"img-responsive\"><\/a>\n\t\t              <\/div>\n\t\t            <\/div>\n\t\t          <\/div><div class=\"isitma-sogutma col-lg-3 col-md-3 col-sm-6 col-xs-12\">\n\t\t            <div class=\"gallery-block gallery-pics gallery-popup-mouse\">\n\t\t              <div class=\"gallery-img gallery-pic\">\n\t\t                    <a href=\"http:\/\/www.onensogutma.com\/wp-content\/uploads\/2017\/01\/gallery-936x776.png\" class=\"image-link\" title=\"Is\u0131tma & So\u011futma\"><img decoding=\"async\" src=\"http:\/\/www.onensogutma.com\/wp-content\/uploads\/2017\/01\/gallery-936x776.png\" alt=\"Is\u0131tma & So\u011futma\" class=\"img-responsive\"><\/a>\n\t\t              <\/div>\n\t\t            <\/div>\n\t\t          <\/div><div class=\"havalandirma-hvac col-lg-3 col-md-3 col-sm-6 col-xs-12\">\n\t\t            <div class=\"gallery-block gallery-pics gallery-popup-mouse\">\n\t\t              <div class=\"gallery-img gallery-pic\">\n\t\t                    <a href=\"http:\/\/www.onensogutma.com\/wp-content\/uploads\/2017\/01\/gallery-936x776.png\" class=\"image-link\" title=\"Havaland\u0131rma & HVAC\"><img decoding=\"async\" src=\"http:\/\/www.onensogutma.com\/wp-content\/uploads\/2017\/01\/gallery-936x776.png\" alt=\"Havaland\u0131rma & HVAC\" class=\"img-responsive\"><\/a>\n\t\t              <\/div>\n\t\t            <\/div>\n\t\t          <\/div><div class=\"havalandirma-hvac col-lg-3 col-md-3 col-sm-6 col-xs-12\">\n\t\t            <div class=\"gallery-block gallery-pics gallery-popup-mouse\">\n\t\t              <div class=\"gallery-img gallery-pic\">\n\t\t                    <a href=\"http:\/\/www.onensogutma.com\/wp-content\/uploads\/2017\/01\/gallery-936x776.png\" class=\"image-link\" title=\"Havaland\u0131rma & HVAC\"><img decoding=\"async\" src=\"http:\/\/www.onensogutma.com\/wp-content\/uploads\/2017\/01\/gallery-936x776.png\" alt=\"Havaland\u0131rma & HVAC\" class=\"img-responsive\"><\/a>\n\t\t              <\/div>\n\t\t            <\/div>\n\t\t          <\/div><div class=\"havalandirma-hvac col-lg-3 col-md-3 col-sm-6 col-xs-12\">\n\t\t            <div class=\"gallery-block gallery-pics gallery-popup-mouse\">\n\t\t              <div class=\"gallery-img gallery-pic\">\n\t\t                    <a href=\"http:\/\/www.onensogutma.com\/wp-content\/uploads\/2017\/01\/gallery-936x776.png\" class=\"image-link\" title=\"Havaland\u0131rma & HVAC\"><img decoding=\"async\" src=\"http:\/\/www.onensogutma.com\/wp-content\/uploads\/2017\/01\/gallery-936x776.png\" alt=\"Havaland\u0131rma & HVAC\" class=\"img-responsive\"><\/a>\n\t\t              <\/div>\n\t\t            <\/div>\n\t\t          <\/div><div class=\"yedek-parca col-lg-3 col-md-3 col-sm-6 col-xs-12\">\n\t\t            <div class=\"gallery-block gallery-pics gallery-popup-mouse\">\n\t\t              <div class=\"gallery-img gallery-pic\">\n\t\t                    <a href=\"http:\/\/www.onensogutma.com\/wp-content\/uploads\/2017\/01\/gallery-936x776.png\" class=\"image-link\" title=\"Yedek Par\u00e7a\"><img decoding=\"async\" src=\"http:\/\/www.onensogutma.com\/wp-content\/uploads\/2017\/01\/gallery-936x776.png\" alt=\"Yedek Par\u00e7a\" class=\"img-responsive\"><\/a>\n\t\t              <\/div>\n\t\t            <\/div>\n\t\t          <\/div><div class=\"yedek-parca col-lg-3 col-md-3 col-sm-6 col-xs-12\">\n\t\t            <div class=\"gallery-block gallery-pics gallery-popup-mouse\">\n\t\t              <div class=\"gallery-img gallery-pic\">\n\t\t                    <a href=\"http:\/\/www.onensogutma.com\/wp-content\/uploads\/2017\/01\/gallery-936x776.png\" class=\"image-link\" title=\"Yedek Par\u00e7a\"><img decoding=\"async\" src=\"http:\/\/www.onensogutma.com\/wp-content\/uploads\/2017\/01\/gallery-936x776.png\" alt=\"Yedek Par\u00e7a\" class=\"img-responsive\"><\/a>\n\t\t              <\/div>\n\t\t            <\/div>\n\t\t          <\/div><div class=\"yedek-parca col-lg-3 col-md-3 col-sm-6 col-xs-12\">\n\t\t            <div class=\"gallery-block gallery-pics gallery-popup-mouse\">\n\t\t              <div class=\"gallery-img gallery-pic\">\n\t\t                    <a href=\"http:\/\/www.onensogutma.com\/wp-content\/uploads\/2017\/01\/gallery-936x776.png\" class=\"image-link\" title=\"Yedek Par\u00e7a\"><img decoding=\"async\" src=\"http:\/\/www.onensogutma.com\/wp-content\/uploads\/2017\/01\/gallery-936x776.png\" alt=\"Yedek Par\u00e7a\" class=\"img-responsive\"><\/a>\n\t\t              <\/div>\n\t\t            <\/div>\n\t\t          <\/div><div class=\"beyaz-esya-satis col-lg-3 col-md-3 col-sm-6 col-xs-12\">\n\t\t            <div class=\"gallery-block gallery-pics gallery-popup-mouse\">\n\t\t              <div class=\"gallery-img gallery-pic\">\n\t\t                    <a href=\"http:\/\/www.onensogutma.com\/wp-content\/uploads\/2017\/01\/gallery-936x776.png\" class=\"image-link\" title=\"Beyaz E\u015fya Sat\u0131\u015f\"><img decoding=\"async\" src=\"http:\/\/www.onensogutma.com\/wp-content\/uploads\/2017\/01\/gallery-936x776.png\" alt=\"Beyaz E\u015fya Sat\u0131\u015f\" class=\"img-responsive\"><\/a>\n\t\t              <\/div>\n\t\t            <\/div>\n\t\t          <\/div><\/div><\/div><\/div><\/div><\/div><\/div><\/div><\/div><\/section><\/p>","protected":false},"excerpt":{"rendered":"","protected":false},"author":2,"featured_media":0,"parent":0,"menu_order":0,"comment_status":"closed","ping_status":"closed","template":"","meta":{"_exactmetrics_skip_tracking":false,"_exactmetrics_sitenote_active":false,"_exactmetrics_sitenote_note":"","_exactmetrics_sitenote_category":0,"footnotes":""},"aioseo_notices":[],"_links":{"self":[{"href":"http:\/\/www.onensogutma.com\/tr\/wp-json\/wp\/v2\/pages\/839"}],"collection":[{"href":"http:\/\/www.onensogutma.com\/tr\/wp-json\/wp\/v2\/pages"}],"about":[{"href":"http:\/\/www.onensogutma.com\/tr\/wp-json\/wp\/v2\/types\/page"}],"author":[{"embeddable":true,"href":"http:\/\/www.onensogutma.com\/tr\/wp-json\/wp\/v2\/users\/2"}],"replies":[{"embeddable":true,"href":"http:\/\/www.onensogutma.com\/tr\/wp-json\/wp\/v2\/comments?post=839"}],"version-history":[{"count":6,"href":"http:\/\/www.onensogutma.com\/tr\/wp-json\/wp\/v2\/pages\/839\/revisions"}],"predecessor-version":[{"id":1128,"href":"http:\/\/www.onensogutma.com\/tr\/wp-json\/wp\/v2\/pages\/839\/revisions\/1128"}],"wp:attachment":[{"href":"http:\/\/www.onensogutma.com\/tr\/wp-json\/wp\/v2\/media?parent=839"}],"curies":[{"name":"wp","href":"https:\/\/api.w.org\/{rel}","templated":true}]}}